{"id":1182,"date":"2020-09-12T14:34:24","date_gmt":"2020-09-12T12:34:24","guid":{"rendered":"http:\/\/www.sfz-friedberg.de\/?page_id=1182"},"modified":"2024-11-18T20:20:41","modified_gmt":"2024-11-18T19:20:41","slug":"informationen-zum-datenschutz","status":"publish","type":"page","link":"https:\/\/www.sfz-friedberg.de\/index.php\/informationen-zum-datenschutz\/","title":{"rendered":"Informationen zum Datenschutz"},"content":{"rendered":"<h3 class=\"FESTSCHRIFTberschrift\"><button id=\"listenButton1\" class=\"responsivevoice-button\" type=\"button\" value=\"Play\" title=\"ResponsiveVoice Tap to Start\/Stop Speech\"><span>&#128266; Text zu Sprache<\/span><\/button>\n        <script>\n            listenButton1.onclick = function(){\n                if(responsiveVoice.isPlaying()){\n                    responsiveVoice.cancel();\n                }else{\n                    responsiveVoice.speak(\"Nutzungsordnung der EDV-Einrichtung und des Internets f\u00fcr Sch\u00fclerinnen und Sch\u00fcler an der Vinzenz-Pallotti-Schule: Nutzungsordnung Schulmanager: Schulmanager_Datenschutz 2023 Anton Lern-App: Anton: Datenschutzrechtliche_Informationen_f\u00fcr Lehrkr\u00e4fte Anton: Datenschutzrechtliche_Informationen f\u00fcr Sch\u00fcler BayernCloud Schule: Dashboard: Datenschutzhinweise Drive und Office: https:\/\/www.bycs.de\/uebersicht-und-funktionen\/cloudspeicher\/datenschutzerklaerung\/index.html Messenger:\u00a0https:\/\/www.bycs.de\/uebersicht-und-funktionen\/messenger\/datenschutzerklaerung\/index.html ViKo:\u00a0https:\/\/viko.bycs.de\/app\/datenschutz\", \"Deutsch Female\");\n                }\n            };\n        <\/script>\n    <\/h3>\n<h2>Nutzungsordnung der EDV-Einrichtung und des Internets f\u00fcr Sch\u00fclerinnen und Sch\u00fcler an der Vinzenz-Pallotti-Schule:<\/h2>\n<p><a href=\"https:\/\/www.sfz-friedberg.de\/wp-content\/uploads\/2024\/11\/Nutzungsordnung-Schueler-ViP-mit-U_2024.pdf\">Nutzungsordnung<\/a><\/p>\n<h2>Schulmanager:<\/h2>\n<p><a href=\"https:\/\/www.sfz-friedberg.de\/wp-content\/uploads\/2023\/12\/Schulmanager_Datenschutz-2023.pdf\">Schulmanager_Datenschutz 2023<\/a><\/p>\n<h2>Anton Lern-App:<\/h2>\n<p><a href=\"https:\/\/www.sfz-friedberg.de\/wp-content\/uploads\/2020\/09\/Anton_Datenschutzrechtliche_Informationen_Lehrkr\u00e4fte.pdf\" target=\"_blank\" rel=\"noopener\">Anton: Datenschutzrechtliche_Informationen_f\u00fcr Lehrkr\u00e4fte<\/a><\/p>\n<p><a href=\"https:\/\/www.sfz-friedberg.de\/wp-content\/uploads\/2020\/09\/Anton_Datenschutzrechtliche_Informationen_Sch\u00fcler.pdf\" target=\"_blank\" rel=\"noopener\">Anton: Datenschutzrechtliche_Informationen f\u00fcr Sch\u00fcler<\/a><\/p>\n<h2>BayernCloud Schule:<\/h2>\n<p>Dashboard: <a href=\"https:\/\/www.sfz-friedberg.de\/wp-content\/uploads\/2023\/12\/Datenschutzhinweise.pdf\" target=\"_blank\" rel=\"noopener\">Datenschutzhinweise<\/a><\/p>\n<p>Drive und Office: <a href=\"https:\/\/www.bycs.de\/uebersicht-und-funktionen\/cloudspeicher\/datenschutzerklaerung\/index.html\" target=\"_blank\" rel=\"noopener\">https:\/\/www.bycs.de\/uebersicht-und-funktionen\/cloudspeicher\/datenschutzerklaerung\/index.html<\/a><\/p>\n<p>Messenger:\u00a0<a href=\"https:\/\/www.bycs.de\/uebersicht-und-funktionen\/messenger\/datenschutzerklaerung\/index.html\" target=\"_blank\" rel=\"noopener\">https:\/\/www.bycs.de\/uebersicht-und-funktionen\/messenger\/datenschutzerklaerung\/index.html<\/a><\/p>\n<p>ViKo:\u00a0<a href=\"https:\/\/viko.bycs.de\/app\/datenschutz\" target=\"_blank\" rel=\"noopener\">https:\/\/viko.bycs.de\/app\/datenschutz<\/a><\/p>\n<p>&nbsp;<\/p>\n","protected":false},"excerpt":{"rendered":"<p>Nutzungsordnung der EDV-Einrichtung und des Internets f\u00fcr Sch\u00fclerinnen und Sch\u00fcler an der Vinzenz-Pallotti-Schule: Nutzungsordnung Schulmanager: Schulmanager_Datenschutz 2023 Anton Lern-App: Anton: &hellip; <\/p>\n","protected":false},"author":1,"featured_media":0,"parent":0,"menu_order":0,"comment_status":"closed","ping_status":"closed","template":"","meta":{"footnotes":""},"class_list":["post-1182","page","type-page","status-publish","hentry"],"_links":{"self":[{"href":"https:\/\/www.sfz-friedberg.de\/index.php\/wp-json\/wp\/v2\/pages\/1182","targetHints":{"allow":["GET"]}}],"collection":[{"href":"https:\/\/www.sfz-friedberg.de\/index.php\/wp-json\/wp\/v2\/pages"}],"about":[{"href":"https:\/\/www.sfz-friedberg.de\/index.php\/wp-json\/wp\/v2\/types\/page"}],"author":[{"embeddable":true,"href":"https:\/\/www.sfz-friedberg.de\/index.php\/wp-json\/wp\/v2\/users\/1"}],"replies":[{"embeddable":true,"href":"https:\/\/www.sfz-friedberg.de\/index.php\/wp-json\/wp\/v2\/comments?post=1182"}],"version-history":[{"count":9,"href":"https:\/\/www.sfz-friedberg.de\/index.php\/wp-json\/wp\/v2\/pages\/1182\/revisions"}],"predecessor-version":[{"id":1849,"href":"https:\/\/www.sfz-friedberg.de\/index.php\/wp-json\/wp\/v2\/pages\/1182\/revisions\/1849"}],"wp:attachment":[{"href":"https:\/\/www.sfz-friedberg.de\/index.php\/wp-json\/wp\/v2\/media?parent=1182"}],"curies":[{"name":"wp","href":"https:\/\/api.w.org\/{rel}","templated":true}]}}