{"id":12,"date":"2018-10-30T13:03:07","date_gmt":"2018-10-30T12:03:07","guid":{"rendered":"http:\/\/77.90.130.244\/blog\/?page_id=12"},"modified":"2025-11-14T13:39:15","modified_gmt":"2025-11-14T12:39:15","slug":"spb","status":"publish","type":"page","link":"https:\/\/www.sfz-friedberg.de\/index.php\/unsereangebote\/spb\/","title":{"rendered":"Sonderp\u00e4dagogische Beratungsstelle"},"content":{"rendered":"<h3 class=\"FESTSCHRIFTberschrift\"><\/h3>\n<h3 class=\"FESTSCHRIFTberschrift\"><button id=\"listenButton1\" class=\"responsivevoice-button\" type=\"button\" value=\"Play\" title=\"ResponsiveVoice Tap to Start\/Stop Speech\"><span>&#128266; Text zu Sprache<\/span><\/button>\n        <script>\n            listenButton1.onclick = function(){\n                if(responsiveVoice.isPlaying()){\n                    responsiveVoice.cancel();\n                }else{\n                    responsiveVoice.speak(\"Die Sonderp\u00e4dagogische Beratungsstelle der Vinzenz-Pallotti-Schule finden Sie im Schulhaus im Raum E3 SG 54 Ihre Ansprechpartnerinnen sind Monika Drexler (Kinderg\u00e4rten und Grundschulen) und Sonya Gerst (Mittelschulen). Die Beratungsstelle ist zust\u00e4ndig f\u00fcr Kinder und Jugendliche mit Entwicklungsverz\u00f6gerungen und Schwierigkeiten im vorschulischen und schulischen Bereich. Ebenso bei Auff\u00e4lligkeiten im emotional-sozialen Bereich. Wir beraten und unterst\u00fctzen dabei gerne Eltern und Erziehungsberechtigte. Dar\u00fcber hinaus k\u00f6nnen auch Erzieher\/-innen sowie Lehrkr\u00e4fte sich ratsuchend an die Beratungsstelle wenden. Das Angebot der Beratungsstelle ist kostenfrei. Unsere Beratung unterliegt der Schweigepflicht. Zielgruppe sind Kinder und Jugendliche, die Entwicklungsverz\u00f6gerungen bzw. Beeintr\u00e4chtigungen haben im Lernen in der emotionalen Entwicklung im sozialen Bereich (z.B. im Umgang mit anderen Kindern) im Bereich der Sprache im Bereich der Motorik im Bereich der Konzentration im Bereich der Wahrnehmung Unser Angebot richtet sich an Eltern, die Information suchen, die Beratung und Diagnostik w\u00fcnschen, die Hinweise zur F\u00f6rderung ihres Kindes w\u00fcnschen, die weitere Kontakte zur Unterst\u00fctzung suchen. Unser Angebot an Erzieherinnen und Erzieher, Lehrerinnen und Lehrer beinhaltet: Weitergabe von Informationen individuelle Beratung zu einzelnen Kindern, Gruppen und Klassen (anonymisiert) Fortbildungen Kontakte in multiprofessionellen Netzwerken Unterst\u00fctzung bei der Elternarbeit auf Wunsch auch Hospitation in ihrer Klasse oder Gruppe Gerne k\u00f6nnen Sie mit uns einen pers\u00f6nlichen Beratungstermin vereinbaren. Dazu k\u00f6nnen Sie mit uns per\u00a0E-Mail\u00a0Kontakt aufnehmen. F\u00fcr den Bereich Grundschulen kontaktieren Sie bitte Monika Drexler unter: m.drexler@sfz-friedberg.de F\u00fcr den Bereich Mittelschulen kontaktieren Sie bitte Sonya Gerst unter: s.gerst@sfz-friedberg.de Sie k\u00f6nnen uns auch anrufen unter: 0821\/21816-111.\u00a0 Bitte hinterlassen Sie Ihren Namen und ihre Telefonnummer deutlich auf dem Anrufbeantworter, so dass wir Sie zeitnah zur\u00fcckrufen k\u00f6nnen. Sie finden uns hier: Aichacher Str. 16B 86316 Friedberg Raum E 3 \u00a0 \u00a0 \u00a0\u00a0\", \"Deutsch Female\");\n                }\n            };\n        <\/script>\n    <\/h3>\n<p>Die Sonderp\u00e4dagogische Beratungsstelle der Vinzenz-Pallotti-Schule finden Sie im Schulhaus im Raum E3 SG 54<\/p>\n<p>Ihre <strong>Ansprechpartnerinnen<\/strong> sind<\/p>\n<p><strong>Monika Drexler<\/strong> (Kinderg\u00e4rten und Grundschulen)<\/p>\n<p>und <strong>Sonya Gerst<\/strong> (Mittelschulen).<\/p>\n<p>Die Beratungsstelle ist zust\u00e4ndig f\u00fcr Kinder und Jugendliche mit Entwicklungsverz\u00f6gerungen und Schwierigkeiten im vorschulischen und schulischen Bereich. Ebenso bei Auff\u00e4lligkeiten im emotional-sozialen Bereich.<\/p>\n<p>Wir beraten und unterst\u00fctzen dabei gerne Eltern und Erziehungsberechtigte. Dar\u00fcber hinaus k\u00f6nnen auch Erzieher\/-innen sowie Lehrkr\u00e4fte sich ratsuchend an die Beratungsstelle wenden.<\/p>\n<p>Das Angebot der Beratungsstelle ist<strong> kostenfrei.<\/strong><\/p>\n<p><strong>Unsere Beratung unterliegt der Schweigepflicht.<\/strong><\/p>\n<p><strong>Zielgruppe sind Kinder und Jugendliche<\/strong>,<\/p>\n<p>die Entwicklungsverz\u00f6gerungen bzw. Beeintr\u00e4chtigungen haben<\/p>\n<p><img loading=\"lazy\" decoding=\"async\" class=\"alignright wp-image-303\" src=\"https:\/\/www.sfz-friedberg.de\/wp-content\/uploads\/2018\/11\/SPB.png\" alt=\"\" width=\"450\" height=\"406\" \/><\/p>\n<ul>\n<li>im Lernen<\/li>\n<li>in der emotionalen Entwicklung<\/li>\n<li>im sozialen Bereich (z.B. im Umgang mit anderen Kindern)<\/li>\n<li>im Bereich der Sprache<\/li>\n<li>im Bereich der Motorik<\/li>\n<li>im Bereich der Konzentration<\/li>\n<li>im Bereich der Wahrnehmung<\/li>\n<\/ul>\n<p><strong>Unser Angebot richtet sich an Eltern,<\/strong><\/p>\n<ul>\n<li>die Information suchen,<\/li>\n<li>die Beratung und Diagnostik w\u00fcnschen,<\/li>\n<li>die Hinweise zur F\u00f6rderung ihres Kindes w\u00fcnschen,<\/li>\n<li>die weitere Kontakte zur Unterst\u00fctzung suchen.<\/li>\n<\/ul>\n<p><strong>Unser Angebot an Erzieherinnen und Erzieher, Lehrerinnen und Lehrer beinhaltet:<\/strong><\/p>\n<ul>\n<li>Weitergabe von Informationen<\/li>\n<li>individuelle Beratung zu einzelnen Kindern, Gruppen und Klassen (anonymisiert)<\/li>\n<li>Fortbildungen<\/li>\n<li>Kontakte in multiprofessionellen Netzwerken<\/li>\n<li>Unterst\u00fctzung bei der Elternarbeit<\/li>\n<li>auf Wunsch auch Hospitation in ihrer Klasse oder Gruppe<\/li>\n<\/ul>\n<p>Gerne k\u00f6nnen Sie mit uns einen pers\u00f6nlichen Beratungstermin vereinbaren. Dazu k\u00f6nnen Sie mit uns per\u00a0<strong>E-Mail<\/strong>\u00a0Kontakt aufnehmen.<\/p>\n<p>F\u00fcr den Bereich Grundschulen kontaktieren Sie bitte Monika Drexler unter: <a href=\"mailto:m.drexler@sfz-friedberg.de\">m.drexler@sfz-friedberg.de<\/a><\/p>\n<p>F\u00fcr den Bereich Mittelschulen kontaktieren Sie bitte Sonya Gerst unter: <a href=\"mailto:s.gerst@sfz-friedberg.de\">s.gerst@sfz-friedberg.de<\/a><\/p>\n<p>Sie k\u00f6nnen uns auch anrufen unter: <strong>0821\/21816-111.\u00a0<\/strong> Bitte hinterlassen Sie Ihren Namen und ihre Telefonnummer deutlich auf dem Anrufbeantworter, so dass wir Sie zeitnah zur\u00fcckrufen k\u00f6nnen.<\/p>\n<p>Sie finden uns hier:<br \/>\n<strong>Aichacher Str. 16B <\/strong><br \/>\n<strong>86316 Friedberg<\/strong><br \/>\n<strong>Raum E 3<\/strong><\/p>\n<p><strong>\u00a0 \u00a0 \u00a0\u00a0<\/strong><\/p>\n<p>&nbsp;<\/p>\n<p>&nbsp;<\/p>\n","protected":false},"excerpt":{"rendered":"<p>Die Sonderp\u00e4dagogische Beratungsstelle der Vinzenz-Pallotti-Schule finden Sie im Schulhaus im Raum E3 SG 54 Ihre Ansprechpartnerinnen sind Monika Drexler (Kinderg\u00e4rten &hellip; <\/p>\n","protected":false},"author":1,"featured_media":0,"parent":5,"menu_order":0,"comment_status":"closed","ping_status":"closed","template":"","meta":{"footnotes":""},"class_list":["post-12","page","type-page","status-publish","hentry"],"_links":{"self":[{"href":"https:\/\/www.sfz-friedberg.de\/index.php\/wp-json\/wp\/v2\/pages\/12","targetHints":{"allow":["GET"]}}],"collection":[{"href":"https:\/\/www.sfz-friedberg.de\/index.php\/wp-json\/wp\/v2\/pages"}],"about":[{"href":"https:\/\/www.sfz-friedberg.de\/index.php\/wp-json\/wp\/v2\/types\/page"}],"author":[{"embeddable":true,"href":"https:\/\/www.sfz-friedberg.de\/index.php\/wp-json\/wp\/v2\/users\/1"}],"replies":[{"embeddable":true,"href":"https:\/\/www.sfz-friedberg.de\/index.php\/wp-json\/wp\/v2\/comments?post=12"}],"version-history":[{"count":25,"href":"https:\/\/www.sfz-friedberg.de\/index.php\/wp-json\/wp\/v2\/pages\/12\/revisions"}],"predecessor-version":[{"id":2009,"href":"https:\/\/www.sfz-friedberg.de\/index.php\/wp-json\/wp\/v2\/pages\/12\/revisions\/2009"}],"up":[{"embeddable":true,"href":"https:\/\/www.sfz-friedberg.de\/index.php\/wp-json\/wp\/v2\/pages\/5"}],"wp:attachment":[{"href":"https:\/\/www.sfz-friedberg.de\/index.php\/wp-json\/wp\/v2\/media?parent=12"}],"curies":[{"name":"wp","href":"https:\/\/api.w.org\/{rel}","templated":true}]}}