{"id":16,"date":"2018-10-30T15:01:22","date_gmt":"2018-10-30T14:01:22","guid":{"rendered":"http:\/\/77.90.130.244\/blog\/?page_id=16"},"modified":"2024-01-31T12:06:31","modified_gmt":"2024-01-31T11:06:31","slug":"schulsozialarbeit","status":"publish","type":"page","link":"https:\/\/www.sfz-friedberg.de\/index.php\/unsereangebote\/schulsozialarbeit\/","title":{"rendered":"Jugendhilfe und Sozialarbeit"},"content":{"rendered":"<h3 class=\"FESTSCHRIFTberschrift\"><button id=\"listenButton1\" class=\"responsivevoice-button\" type=\"button\" value=\"Play\" title=\"ResponsiveVoice Tap to Start\/Stop Speech\"><span>&#128266; Text zu Sprache<\/span><\/button>\n        <script>\n            listenButton1.onclick = function(){\n                if(responsiveVoice.isPlaying()){\n                    responsiveVoice.cancel();\n                }else{\n                    responsiveVoice.speak(\"Schulsozialarbeit an unserer Schule Schulsozialarbeit an der Schule ist ein Jugendhilfeangebot, das in Anlehnung an \u00a7 13 SGB VIII jungen Menschen in ihrer schulischen und beruflichen Ausbildung, Eingliederung in den Arbeitsmarkt und sozialen Integration begleitet und ihre Entwicklung zu einer gemeinschaftsf\u00e4higen und eigenverantwortlichen Pers\u00f6nlichkeit unterst\u00fctzt. Das Aufgabengebiet der Fachkraft umfasst neben der Einzelfallarbeit, die Planung und Durchf\u00fchrung von Projekten und sozialp\u00e4dagogischer Gruppenarbeit, sowie die Elternarbeit und\u2013 beratung, sowie die Vermittlung von Kontakten durch Kooperation und Vernetzung mit weiteren Einrichtungen der Jugendhilfe. Die Schulsozialarbeit an der Vinzenz-Pallotti-Schule wird in Tr\u00e4gerschaft der Kinder- und Jugendhilfe Wittelsbacher Land durchgef\u00fchrt. Ich bin f\u00fcr Dich als Sch\u00fclerin oder Sch\u00fcler da, wenn Du \u2026 Unterst\u00fctzung und Beratung bei pers\u00f6nlichen, sozialen oder schulischen Problemen brauchst, Fragen zur Bewerbung, Berufswahl, Vorstellungsgespr\u00e4chen hast, Kontakt zu sozialen und weiteren Einrichtungen der Jugendhilfe brauchst, einfach nur reden m\u00f6chtest. Ich bin f\u00fcr Sie als Eltern da, wenn \u2026 Sie Beratung und Unterst\u00fctzung bei ihrer Erziehungsarbeit w\u00fcnschen, Sie sich in einer famili\u00e4ren Konflikt- oder Krisensituation befinden, Sie Vermittlung und Begleitung durch die Jugendhilfe w\u00fcnschen, Sie Fragen zur Berufsorientierung und Ausbildung Ihres Kindes haben. Zudem bin ich Ansprechpartner f\u00fcr Lehrer\/-innen bei Beratungs- und Unterst\u00fctzungsbedarf. Markus Schuster Heilp\u00e4dagoge Telefonnummer: 0821\/ 21816-105 Email: schusterm@kjf-kjh.de Sie k\u00f6nnen mich zu folgenden Zeiten an der Schule erreichen: Mo bis Do. 8:00 Uhr - 16:00 Uhr, Fr. 8:00 Uhr \u2013 13:00 Uhr Gerne k\u00f6nnen Sie mit mir telefonisch oder per E-Mail einen Termin vereinbaren. Die Gespr\u00e4che sind kostenfrei und unterliegen der gesetzlichen Schweigepflicht.\", \"Deutsch Female\");\n                }\n            };\n        <\/script>\n    <\/h3>\n<h2><strong>Schulsozialarbeit an unserer Schule<\/strong><\/h2>\n<p>Schulsozialarbeit an der Schule ist ein Jugendhilfeangebot, das in Anlehnung an \u00a7 13 SGB VIII jungen Menschen in ihrer schulischen und beruflichen Ausbildung, Eingliederung in den Arbeitsmarkt und sozialen Integration begleitet und ihre Entwicklung zu einer gemeinschaftsf\u00e4higen und eigenverantwortlichen Pers\u00f6nlichkeit unterst\u00fctzt.<\/p>\n<p>Das Aufgabengebiet der Fachkraft umfasst neben der Einzelfallarbeit, die Planung und Durchf\u00fchrung von Projekten und sozialp\u00e4dagogischer Gruppenarbeit, sowie die Elternarbeit und\u2013 beratung, sowie die Vermittlung von Kontakten durch Kooperation und Vernetzung mit weiteren Einrichtungen der Jugendhilfe.<\/p>\n<p>Die Schulsozialarbeit an der Vinzenz-Pallotti-Schule wird in Tr\u00e4gerschaft der Kinder- und Jugendhilfe Wittelsbacher Land durchgef\u00fchrt.<\/p>\n<p>&nbsp;<\/p>\n<p>Ich bin f\u00fcr Dich als Sch\u00fclerin oder Sch\u00fcler da, wenn Du \u2026<\/p>\n<ul>\n<li>Unterst\u00fctzung und Beratung bei pers\u00f6nlichen, sozialen oder schulischen Problemen brauchst,<\/li>\n<li>Fragen zur Bewerbung, Berufswahl, Vorstellungsgespr\u00e4chen hast,<\/li>\n<li>Kontakt zu sozialen und weiteren Einrichtungen der Jugendhilfe brauchst,<\/li>\n<li>einfach nur reden m\u00f6chtest.<\/li>\n<\/ul>\n<p>&nbsp;<\/p>\n<p>Ich bin f\u00fcr Sie als Eltern da, wenn \u2026<\/p>\n<ul>\n<li>Sie Beratung und Unterst\u00fctzung bei ihrer Erziehungsarbeit w\u00fcnschen,<\/li>\n<li>Sie sich in einer famili\u00e4ren Konflikt- oder Krisensituation befinden,<\/li>\n<li>Sie Vermittlung und Begleitung durch die Jugendhilfe w\u00fcnschen,<\/li>\n<li>Sie Fragen zur Berufsorientierung und Ausbildung Ihres Kindes haben.<\/li>\n<\/ul>\n<p>&nbsp;<\/p>\n<p>Zudem bin ich Ansprechpartner f\u00fcr Lehrer\/-innen bei Beratungs- und Unterst\u00fctzungsbedarf.<\/p>\n<p>Markus Schuster<\/p>\n<p>Heilp\u00e4dagoge<\/p>\n<p>Telefonnummer: 0821\/ 21816-105<\/p>\n<p>Email: schusterm@kjf-kjh.de<\/p>\n<p>&nbsp;<\/p>\n<p>Sie k\u00f6nnen mich zu folgenden Zeiten an der Schule erreichen:<\/p>\n<p>Mo bis Do. 8:00 Uhr &#8211; 16:00 Uhr, Fr. 8:00 Uhr \u2013 13:00 Uhr<\/p>\n<p>&nbsp;<\/p>\n<p>Gerne k\u00f6nnen Sie mit mir telefonisch oder per E-Mail einen Termin vereinbaren.<\/p>\n<p>Die Gespr\u00e4che sind kostenfrei und unterliegen der gesetzlichen Schweigepflicht.<\/p>\n","protected":false},"excerpt":{"rendered":"<p>Schulsozialarbeit an unserer Schule Schulsozialarbeit an der Schule ist ein Jugendhilfeangebot, das in Anlehnung an \u00a7 13 SGB VIII jungen &hellip; <\/p>\n","protected":false},"author":1,"featured_media":0,"parent":5,"menu_order":0,"comment_status":"closed","ping_status":"closed","template":"","meta":{"footnotes":""},"class_list":["post-16","page","type-page","status-publish","hentry"],"_links":{"self":[{"href":"https:\/\/www.sfz-friedberg.de\/index.php\/wp-json\/wp\/v2\/pages\/16","targetHints":{"allow":["GET"]}}],"collection":[{"href":"https:\/\/www.sfz-friedberg.de\/index.php\/wp-json\/wp\/v2\/pages"}],"about":[{"href":"https:\/\/www.sfz-friedberg.de\/index.php\/wp-json\/wp\/v2\/types\/page"}],"author":[{"embeddable":true,"href":"https:\/\/www.sfz-friedberg.de\/index.php\/wp-json\/wp\/v2\/users\/1"}],"replies":[{"embeddable":true,"href":"https:\/\/www.sfz-friedberg.de\/index.php\/wp-json\/wp\/v2\/comments?post=16"}],"version-history":[{"count":14,"href":"https:\/\/www.sfz-friedberg.de\/index.php\/wp-json\/wp\/v2\/pages\/16\/revisions"}],"predecessor-version":[{"id":1727,"href":"https:\/\/www.sfz-friedberg.de\/index.php\/wp-json\/wp\/v2\/pages\/16\/revisions\/1727"}],"up":[{"embeddable":true,"href":"https:\/\/www.sfz-friedberg.de\/index.php\/wp-json\/wp\/v2\/pages\/5"}],"wp:attachment":[{"href":"https:\/\/www.sfz-friedberg.de\/index.php\/wp-json\/wp\/v2\/media?parent=16"}],"curies":[{"name":"wp","href":"https:\/\/api.w.org\/{rel}","templated":true}]}}