{"id":1787,"date":"2024-10-02T08:41:54","date_gmt":"2024-10-02T06:41:54","guid":{"rendered":"https:\/\/www.sfz-friedberg.de\/?page_id=1787"},"modified":"2024-10-16T07:38:34","modified_gmt":"2024-10-16T05:38:34","slug":"schulpsychologie","status":"publish","type":"page","link":"https:\/\/www.sfz-friedberg.de\/index.php\/unsereangebote\/schulpsychologie\/","title":{"rendered":"Schulpsychologie"},"content":{"rendered":"<h3 class=\"FESTSCHRIFTberschrift\"><button id=\"listenButton1\" class=\"responsivevoice-button\" type=\"button\" value=\"Play\" title=\"ResponsiveVoice Tap to Start\/Stop Speech\"><span>&#128266; Text zu Sprache<\/span><\/button>\n        <script>\n            listenButton1.onclick = function(){\n                if(responsiveVoice.isPlaying()){\n                    responsiveVoice.cancel();\n                }else{\n                    responsiveVoice.speak(\"Liebe Sch\u00fclerinnen und Sch\u00fcler, liebe Eltern, mein Name ist Monika Schulz und in diesem Schuljahr bin ich als Schulpsychologin auch f\u00fcr Ihre Schule zust\u00e4ndig. Sie k\u00f6nnen sich gerne an mich wenden, wenn Sie schulpsychologische Beratung in Anspruch nehmen m\u00f6chten. Die schulpsychologische Beratung ist KOSTENLOS - f\u00fcr Sch\u00fclerinnen und Sch\u00fcler, Eltern und Lehrkr\u00e4fte FREIWILLIG - kann jederzeit wieder beendet werden VERTRAULICH - unterliegt der Verschwiegenheitspflicht (\u00a7203 StGB) UNABH\u00c4NGIG - orientiert sich am Anliegen des Ratsuchenden FREI ZUG\u00c4NGLICH - ein Termin kann ohne Vermittlung durch Andere vereinbart werden. In der schulpsychologischen Beratung unterst\u00fctze ich gerne zu folgenden Themen: Lern- und Leistungsschwierigkeiten Motivations- und Konzentrationsschwierigkeiten Emotionale Schwierigkeiten: Schulangst, Schulvermeidung, Depressionen Verhaltensauff\u00e4lligkeiten Probleme im Umgang mit Mitsch\u00fcler\/innen und Lehrer\/innen Bew\u00e4ltigung von privaten Problemen und kritischen Lebensereignissen So bin ich im Schuljahr 2024\/25 erreichbar: Direkt per mail: mschulz@sfz-aichach.de Mittwochs an der Schulberatungsstelle Schwaben: 0821\/50916-0 \u00dcber das Sekretariat der Edith-Stein-Schule Aichach: 08251\/87793-0 Ich freue mich auf eine gute, vertrauensvolle Zusammenarbeit und w\u00fcnsche Euch und Ihnen einen guten Verlauf des Schuljahres! Ihre\u00a0Monika Schulz\", \"Deutsch Female\");\n                }\n            };\n        <\/script>\n    <\/h3>\n<p>Liebe Sch\u00fclerinnen und Sch\u00fcler, liebe Eltern,<img loading=\"lazy\" decoding=\"async\" class=\"alignright wp-image-1788\" src=\"https:\/\/www.sfz-friedberg.de\/wp-content\/uploads\/2024\/10\/Bild1-237x300.jpg\" alt=\"\" width=\"125\" height=\"158\" srcset=\"https:\/\/www.sfz-friedberg.de\/wp-content\/uploads\/2024\/10\/Bild1-237x300.jpg 237w, https:\/\/www.sfz-friedberg.de\/wp-content\/uploads\/2024\/10\/Bild1.jpg 261w\" sizes=\"auto, (max-width: 125px) 100vw, 125px\" \/><\/p>\n<p>mein Name ist Monika Schulz und in diesem Schuljahr bin ich als Schulpsychologin auch f\u00fcr Ihre Schule zust\u00e4ndig. Sie k\u00f6nnen sich gerne an mich wenden, wenn Sie schulpsychologische Beratung in Anspruch nehmen m\u00f6chten.<\/p>\n<p>Die schulpsychologische Beratung ist<\/p>\n<p><span style=\"color: #339966;\"><strong>KOSTENLOS<\/strong><\/span> &#8211; f\u00fcr Sch\u00fclerinnen und Sch\u00fcler, Eltern und Lehrkr\u00e4fte<\/p>\n<p><span style=\"color: #ffcc00;\"><strong>FREIWILLIG<\/strong><\/span> &#8211; kann jederzeit wieder beendet werden<\/p>\n<p><span style=\"color: #0000ff;\"><strong>VERTRAULICH<\/strong><\/span> &#8211; unterliegt der Verschwiegenheitspflicht (\u00a7203 StGB)<\/p>\n<p><span style=\"color: #ff0000;\"><strong>UNABH\u00c4NGIG<\/strong><\/span> &#8211; orientiert sich am Anliegen des Ratsuchenden<\/p>\n<p><span style=\"color: #800080;\"><strong>FREI ZUG\u00c4NGLICH<\/strong><\/span> &#8211; ein Termin kann ohne Vermittlung durch Andere vereinbart werden.<\/p>\n<p><u>In der schulpsychologischen Beratung unterst\u00fctze ich gerne zu folgenden Themen:<\/u><\/p>\n<ul>\n<li>Lern- und Leistungsschwierigkeiten<\/li>\n<li>Motivations- und Konzentrationsschwierigkeiten<\/li>\n<li>Emotionale Schwierigkeiten: Schulangst, Schulvermeidung, Depressionen<\/li>\n<li>Verhaltensauff\u00e4lligkeiten<\/li>\n<li>Probleme im Umgang mit Mitsch\u00fcler\/innen und Lehrer\/innen<\/li>\n<li>Bew\u00e4ltigung von privaten Problemen und kritischen Lebensereignissen<\/li>\n<\/ul>\n<p><u>So bin ich im Schuljahr 2024\/25 erreichbar:<\/u><\/p>\n<ul>\n<li>Direkt per mail: <a href=\"mailto:mschulz@sfz-aichach.de\">mschulz@sfz-aichach.de<\/a><\/li>\n<li>Mittwochs an der Schulberatungsstelle Schwaben: 0821\/50916-0<\/li>\n<li>\u00dcber das Sekretariat der Edith-Stein-Schule Aichach: 08251\/87793-0<\/li>\n<\/ul>\n<p>Ich freue mich auf eine gute, vertrauensvolle Zusammenarbeit und w\u00fcnsche Euch und Ihnen einen guten Verlauf des Schuljahres!<\/p>\n<p>Ihre\u00a0Monika Schulz<\/p>\n","protected":false},"excerpt":{"rendered":"<p>Liebe Sch\u00fclerinnen und Sch\u00fcler, liebe Eltern, mein Name ist Monika Schulz und in diesem Schuljahr bin ich als Schulpsychologin auch &hellip; <\/p>\n","protected":false},"author":1,"featured_media":0,"parent":5,"menu_order":0,"comment_status":"closed","ping_status":"closed","template":"","meta":{"footnotes":""},"class_list":["post-1787","page","type-page","status-publish","hentry"],"_links":{"self":[{"href":"https:\/\/www.sfz-friedberg.de\/index.php\/wp-json\/wp\/v2\/pages\/1787","targetHints":{"allow":["GET"]}}],"collection":[{"href":"https:\/\/www.sfz-friedberg.de\/index.php\/wp-json\/wp\/v2\/pages"}],"about":[{"href":"https:\/\/www.sfz-friedberg.de\/index.php\/wp-json\/wp\/v2\/types\/page"}],"author":[{"embeddable":true,"href":"https:\/\/www.sfz-friedberg.de\/index.php\/wp-json\/wp\/v2\/users\/1"}],"replies":[{"embeddable":true,"href":"https:\/\/www.sfz-friedberg.de\/index.php\/wp-json\/wp\/v2\/comments?post=1787"}],"version-history":[{"count":7,"href":"https:\/\/www.sfz-friedberg.de\/index.php\/wp-json\/wp\/v2\/pages\/1787\/revisions"}],"predecessor-version":[{"id":1836,"href":"https:\/\/www.sfz-friedberg.de\/index.php\/wp-json\/wp\/v2\/pages\/1787\/revisions\/1836"}],"up":[{"embeddable":true,"href":"https:\/\/www.sfz-friedberg.de\/index.php\/wp-json\/wp\/v2\/pages\/5"}],"wp:attachment":[{"href":"https:\/\/www.sfz-friedberg.de\/index.php\/wp-json\/wp\/v2\/media?parent=1787"}],"curies":[{"name":"wp","href":"https:\/\/api.w.org\/{rel}","templated":true}]}}