{"id":18,"date":"2018-10-30T15:01:50","date_gmt":"2018-10-30T14:01:50","guid":{"rendered":"http:\/\/77.90.130.244\/blog\/?page_id=18"},"modified":"2024-12-02T12:39:21","modified_gmt":"2024-12-02T11:39:21","slug":"msd","status":"publish","type":"page","link":"https:\/\/www.sfz-friedberg.de\/index.php\/unsereangebote\/msd\/","title":{"rendered":"Mobile Dienste"},"content":{"rendered":"<h3 class=\"FESTSCHRIFTberschrift\"><button id=\"listenButton1\" class=\"responsivevoice-button\" type=\"button\" value=\"Play\" title=\"ResponsiveVoice Tap to Start\/Stop Speech\"><span>&#128266; Text zu Sprache<\/span><\/button>\n        <script>\n            listenButton1.onclick = function(){\n                if(responsiveVoice.isPlaying()){\n                    responsiveVoice.cancel();\n                }else{\n                    responsiveVoice.speak(\"MSD und MSH, was ist das? Mobile Sonderp\u00e4dagogische Hilfe (MSH) Christine Pf\u00e4nder, Heilp\u00e4dagogin, arbeitet in der MSH f\u00fcr die Kindertagesst\u00e4tten im s\u00fcdlichen Landkreis. Im Rahmen der Mobilen Sonderp\u00e4dagogischen Hilfe (MSH) bietet sie f\u00fcr Kinder von 2 bis 7 Jahren Unterst\u00fctzung, Begleitung und Beratung an. Ihre Aufgabe ist es, Entwicklungsr\u00fcckst\u00e4nde bei Kindern zu erkennen, vorbeugend zu unterst\u00fctzen und Eltern und ErzieherInnen zu beraten. Die Mobile Sonderp\u00e4dagogische Hilfe: beobachtet und diagnostiziert Kinder mit Entwicklungsbesonderheiten jeweils einzeln und\/oder in der Gruppe koordiniert weitere F\u00f6rderma\u00dfnahmen unterst\u00fctzt die Eltern bei der Suche nach einer anderen geeigneten Einrichtung wie zum Beispiel: Schulvorbereitende Einrichtung (SVE), Heilp\u00e4dagogische Tagesst\u00e4tte (HPT) oder alternative Schulformen arbeitet eng mit weiteren Fachdiensten (Kinder\u00e4rztInnen, Kliniken, Logop\u00e4dInnen, ErgotherapeutInnen, Ambulante Erziehungshilfe etc.) zusammen ber\u00e4t Kolleginnen und Kollegen in den Kindertagesst\u00e4tten und bietet Fortbildungen an Die Mobile Sonderp\u00e4dagogische Hilfe kann von Eltern und von den Kindertagesst\u00e4tten angefordert werden. Die Inanspruchnahme ist kostenfrei und erfolgt nur mit schriftlicher Genehmigung der Eltern. Ansprechpartnerin: Christine Pf\u00e4nder Tel.: 0821\/21816-109\u00a0\u00a0\u00a0\u00a0\u00a0\u00a0\u00a0\u00a0\u00a0\u00a0\u00a0\u00a0\u00a0\u00a0\u00a0\u00a0\u00a0\u00a0\u00a0\u00a0\u00a0\u00a0\u00a0\u00a0\u00a0\u00a0 ch.pfaender@sfz-friedberg.de \u00a0 Mobiler Sonderp\u00e4dagogischer Dienst (MSD) Im MSD arbeiten mehrere Lehrkr\u00e4fte des Sonderp\u00e4dagogischen F\u00f6rderzentrums. Sie unterst\u00fctzen Kinder, Lehrkr\u00e4fte und Eltern an den Grund- und Mittelschulen des Schulsprengels der Vinzenz-Pallotti-Schule. Dies geschieht insbesondere in sogenannten Kooperationsstufen an den Grundschulen. Hier begleitet eine MSD-Lehrkraft alle Klassen einer Jahrgangsstufe ein Schuljahr lang mit mehreren Stunden pro Woche im Unterricht. Dabei werden Kinder einzeln oder in kleinen Gruppen beim Lernen und in der Weiterentwicklung ihres Umgangs mit Emotionen und ihres Sozialverhaltens gef\u00f6rdert. Ebenso wird eng mit den Lehrkr\u00e4ften der Kooperationsstufe \u2013 wie auch mit allen anderen Lehrkr\u00e4ften der Regelschule \u2013 zusammengearbeitet. Schwerpunkt ist die Unterst\u00fctzung der Lehrkr\u00e4fte in ihrem Erziehungs- und Unterrichtsauftrag und ein pr\u00e4ventiv-systemisches Arbeiten, um der Verfestigung von Lernentwicklungsr\u00fcckst\u00e4nden und Verhaltensauff\u00e4lligkeiten vorzubeugen bzw. die passende F\u00f6rderung zu implementieren. Aus Kapazit\u00e4tsgr\u00fcnden k\u00f6nnen wir Sch\u00fclerinnen und Sch\u00fcler, die die Mittelschulen besuchen, sowie deren Eltern und Lehrkr\u00e4fte, aktuell nahezu ausschlie\u00dflich \u00fcber die Sonderp\u00e4dagogische Beratungsstelle betreuen bzw. beraten. Zus\u00e4tzlich wird die Grundschule Mering Amberi\u00e9u mit dem Profil Inklusion durch den MSD betreut. Unsere Angebote im MSD sind: Diagnostik und Dokumentation des sonderp\u00e4dagogischen F\u00f6rderbedarfs Unterst\u00fctzung der Lehrkr\u00e4fte bei der Erstellung von individuellen F\u00f6rderpl\u00e4nen F\u00f6rderung von Kindern in Einzelbetreuung, Kleingruppen und Teamteaching an den jeweiligen Regelschulen Beratung und Unterst\u00fctzung in der Elternarbeit Fortbildungen und Fallbesprechungen f\u00fcr Lehrkr\u00e4fte an den Regelschulen\", \"Deutsch Female\");\n                }\n            };\n        <\/script>\n    <\/h3>\n<h3><span style=\"color: #0000ff;\">MSD und MSH, was ist das?<\/span><\/h3>\n<p><strong>M<\/strong>obile<strong> S<\/strong>onderp\u00e4dagogische<strong> H<\/strong>ilfe<strong> (MSH)<\/strong><\/p>\n<p>Christine Pf\u00e4nder, Heilp\u00e4dagogin, arbeitet in der <strong>MSH <\/strong>f\u00fcr die Kindertagesst\u00e4tten im s\u00fcdlichen Landkreis. Im Rahmen der <strong>M<\/strong>obilen <strong>S<\/strong>onderp\u00e4dagogischen <strong>H<\/strong>ilfe (<strong>MSH<\/strong>) bietet sie f\u00fcr Kinder von 2 bis 7 Jahren Unterst\u00fctzung, Begleitung und Beratung an.<\/p>\n<p>Ihre Aufgabe ist es, Entwicklungsr\u00fcckst\u00e4nde bei Kindern zu erkennen, vorbeugend zu unterst\u00fctzen und Eltern und ErzieherInnen zu beraten.<\/p>\n<p><strong>Die Mobile Sonderp\u00e4dagogische Hilfe:<\/strong><\/p>\n<ul>\n<li>beobachtet und diagnostiziert Kinder mit Entwicklungsbesonderheiten jeweils einzeln und\/oder in der Gruppe<\/li>\n<li>koordiniert weitere F\u00f6rderma\u00dfnahmen<\/li>\n<li>unterst\u00fctzt die Eltern bei der Suche nach einer anderen geeigneten Einrichtung wie zum Beispiel: Schulvorbereitende Einrichtung (SVE), Heilp\u00e4dagogische Tagesst\u00e4tte (HPT) oder alternative Schulformen<\/li>\n<li>arbeitet eng mit weiteren Fachdiensten (Kinder\u00e4rztInnen, Kliniken, Logop\u00e4dInnen, ErgotherapeutInnen, Ambulante Erziehungshilfe etc.) zusammen<\/li>\n<li>ber\u00e4t Kolleginnen und Kollegen in den Kindertagesst\u00e4tten und bietet Fortbildungen an<\/li>\n<\/ul>\n<p>Die Mobile Sonderp\u00e4dagogische Hilfe kann von Eltern und von den Kindertagesst\u00e4tten angefordert werden. Die Inanspruchnahme ist kostenfrei und erfolgt nur mit schriftlicher Genehmigung der Eltern.<\/p>\n<p>Ansprechpartnerin:<\/p>\n<p><strong>Christine Pf\u00e4nder<\/strong><\/p>\n<p><strong>Tel.: 0821\/21816-109\u00a0\u00a0\u00a0\u00a0\u00a0\u00a0\u00a0\u00a0\u00a0\u00a0\u00a0\u00a0\u00a0\u00a0\u00a0\u00a0\u00a0\u00a0\u00a0\u00a0\u00a0\u00a0\u00a0\u00a0\u00a0\u00a0 <\/strong><a href=\"mailto:ch.pfaender@sfz-friedberg.de\"><strong>ch.pfaender@sfz-friedberg.de<\/strong><\/a><\/p>\n<p><strong>\u00a0<\/strong><\/p>\n<p><strong>M<\/strong>obiler <strong>S<\/strong>onderp\u00e4dagogischer <strong>D<\/strong>ienst <strong>(MSD)<\/strong><\/p>\n<p>Im <strong>MSD <\/strong>arbeiten mehrere Lehrkr\u00e4fte des Sonderp\u00e4dagogischen F\u00f6rderzentrums. Sie unterst\u00fctzen Kinder, Lehrkr\u00e4fte und Eltern an den Grund- und Mittelschulen des Schulsprengels der Vinzenz-Pallotti-Schule. Dies geschieht insbesondere in sogenannten Kooperationsstufen an den Grundschulen. Hier begleitet eine MSD-Lehrkraft alle Klassen einer Jahrgangsstufe ein Schuljahr lang mit mehreren Stunden pro Woche im Unterricht. Dabei werden Kinder einzeln oder in kleinen Gruppen beim Lernen und in der Weiterentwicklung ihres Umgangs mit Emotionen und ihres Sozialverhaltens gef\u00f6rdert. Ebenso wird eng mit den Lehrkr\u00e4ften der Kooperationsstufe \u2013 wie auch mit allen anderen Lehrkr\u00e4ften der Regelschule \u2013 zusammengearbeitet. Schwerpunkt ist die Unterst\u00fctzung der Lehrkr\u00e4fte in ihrem Erziehungs- und Unterrichtsauftrag und ein pr\u00e4ventiv-systemisches Arbeiten, um der Verfestigung von Lernentwicklungsr\u00fcckst\u00e4nden und Verhaltensauff\u00e4lligkeiten vorzubeugen bzw. die passende F\u00f6rderung zu implementieren.<\/p>\n<p>Aus Kapazit\u00e4tsgr\u00fcnden k\u00f6nnen wir Sch\u00fclerinnen und Sch\u00fcler, die die Mittelschulen besuchen, sowie deren Eltern und Lehrkr\u00e4fte, aktuell nahezu ausschlie\u00dflich \u00fcber die Sonderp\u00e4dagogische Beratungsstelle betreuen bzw. beraten.<\/p>\n<p>Zus\u00e4tzlich wird die Grundschule Mering Amberi\u00e9u mit dem Profil Inklusion durch den MSD betreut.<\/p>\n<p><strong>Unsere Angebote im MSD sind:<\/strong><\/p>\n<ul>\n<li>Diagnostik und Dokumentation des sonderp\u00e4dagogischen F\u00f6rderbedarfs<\/li>\n<li>Unterst\u00fctzung der Lehrkr\u00e4fte bei der Erstellung von individuellen F\u00f6rderpl\u00e4nen<\/li>\n<li>F\u00f6rderung von Kindern in Einzelbetreuung, Kleingruppen und Teamteaching an den jeweiligen Regelschulen<\/li>\n<li>Beratung und Unterst\u00fctzung in der Elternarbeit<\/li>\n<\/ul>\n<p>Fortbildungen und Fallbesprechungen f\u00fcr Lehrkr\u00e4fte an den Regelschulen<\/p>\n<p>&nbsp;<\/p>\n","protected":false},"excerpt":{"rendered":"<p>MSD und MSH, was ist das? Mobile Sonderp\u00e4dagogische Hilfe (MSH) Christine Pf\u00e4nder, Heilp\u00e4dagogin, arbeitet in der MSH f\u00fcr die Kindertagesst\u00e4tten &hellip; <\/p>\n","protected":false},"author":1,"featured_media":0,"parent":5,"menu_order":0,"comment_status":"closed","ping_status":"closed","template":"","meta":{"footnotes":""},"class_list":["post-18","page","type-page","status-publish","hentry"],"_links":{"self":[{"href":"https:\/\/www.sfz-friedberg.de\/index.php\/wp-json\/wp\/v2\/pages\/18","targetHints":{"allow":["GET"]}}],"collection":[{"href":"https:\/\/www.sfz-friedberg.de\/index.php\/wp-json\/wp\/v2\/pages"}],"about":[{"href":"https:\/\/www.sfz-friedberg.de\/index.php\/wp-json\/wp\/v2\/types\/page"}],"author":[{"embeddable":true,"href":"https:\/\/www.sfz-friedberg.de\/index.php\/wp-json\/wp\/v2\/users\/1"}],"replies":[{"embeddable":true,"href":"https:\/\/www.sfz-friedberg.de\/index.php\/wp-json\/wp\/v2\/comments?post=18"}],"version-history":[{"count":15,"href":"https:\/\/www.sfz-friedberg.de\/index.php\/wp-json\/wp\/v2\/pages\/18\/revisions"}],"predecessor-version":[{"id":1856,"href":"https:\/\/www.sfz-friedberg.de\/index.php\/wp-json\/wp\/v2\/pages\/18\/revisions\/1856"}],"up":[{"embeddable":true,"href":"https:\/\/www.sfz-friedberg.de\/index.php\/wp-json\/wp\/v2\/pages\/5"}],"wp:attachment":[{"href":"https:\/\/www.sfz-friedberg.de\/index.php\/wp-json\/wp\/v2\/media?parent=18"}],"curies":[{"name":"wp","href":"https:\/\/api.w.org\/{rel}","templated":true}]}}