{"id":22,"date":"2018-10-30T15:02:35","date_gmt":"2018-10-30T14:02:35","guid":{"rendered":"http:\/\/77.90.130.244\/blog\/?page_id=22"},"modified":"2024-01-17T13:47:05","modified_gmt":"2024-01-17T12:47:05","slug":"ogs","status":"publish","type":"page","link":"https:\/\/www.sfz-friedberg.de\/index.php\/unsereangebote\/ogs\/","title":{"rendered":"Offene Ganztagsschule (OGTS)"},"content":{"rendered":"<h3 class=\"FESTSCHRIFTberschrift\"><button id=\"listenButton1\" class=\"responsivevoice-button\" type=\"button\" value=\"Play\" title=\"ResponsiveVoice Tap to Start\/Stop Speech\"><span>&#128266; Text zu Sprache<\/span><\/button>\n        <script>\n            listenButton1.onclick = function(){\n                if(responsiveVoice.isPlaying()){\n                    responsiveVoice.cancel();\n                }else{\n                    responsiveVoice.speak(\"Die OGS ist ein verl\u00e4ssliches schulisches Betreuungsangebot, das Kindern ab der 5. Klasse an vier Wochentagen ab Unterrichtsende bis 16:00 Uhr angeboten wird. F\u00fcr die Eltern besteht die M\u00f6glichkeit, ihr Kind zwei bis vier Nachmittage verbindlich f\u00fcr ein ganzes Schuljahr anzumelden. Nachdem die Kinder in der Gruppe angekommen sind, wird in der Gemeinschaft mit Sch\u00fclerinnen und Sch\u00fclern und den Betreuerinnen das Mittagessen zusammen bei Tisch eingenommen. Im Anschluss daran beginnt die sogenannte Hausaufgabenzeit. Vorerst ist es wichtig, dass die Kinder und Jugendlichen ihre Hausaufgaben sorgf\u00e4ltig und selbstst\u00e4ndig erledigen. Bei Bedarf werden die Sch\u00fclerinnen und Sch\u00fcler nat\u00fcrlich auch durch die Betreuer unterst\u00fctzt. Ein Blick in unseren OGS-Gruppenraum \u00a0\u00a0 Ausfl\u00fcge und gemeinschaftsf\u00f6rdernde Aktionen kommen nicht zu kurz. Die Mitarbeiterinnen in der OGS wertsch\u00e4tzen die t\u00e4gliche Kooperation mit allen Beteiligten im Haus sowie eine individuelle Reflexion. P\u00e4dagogisch wertvolle Arbeit zum Wohle aller Sch\u00fclerinnen und Sch\u00fcler wird somit geleistet. Diesen soll die Gelegenheit gegeben werden sich zu entspannen, allein oder in Gemeinschaft mit anderen zu spielen, kreativ zu sein und soziales Verhalten zu lernen und zu \u00fcben. Wir wollen Vertrauen vermitteln, Hoffnung stiften und uns um die uns anvertrauten Personen k\u00fcmmern. \u201eGut ankommen, gut da sein, gut weggehen\u2026\u201c\", \"Deutsch Female\");\n                }\n            };\n        <\/script>\n    <\/h3>\n<p>Die OGS ist ein verl\u00e4ssliches schulisches Betreuungsangebot, das Kindern ab der 5. Klasse an vier Wochentagen ab Unterrichtsende bis 16:00 Uhr angeboten wird.<\/p>\n<p>F\u00fcr die Eltern besteht die M\u00f6glichkeit, ihr Kind zwei bis vier Nachmittage verbindlich f\u00fcr ein ganzes Schuljahr anzumelden.<\/p>\n<p>Nachdem die Kinder in der Gruppe angekommen sind, wird in der Gemeinschaft mit Sch\u00fclerinnen und Sch\u00fclern und den Betreuerinnen das Mittagessen zusammen bei Tisch eingenommen.<br \/>\nIm Anschluss daran beginnt die sogenannte Hausaufgabenzeit.<br \/>\nVorerst ist es wichtig, dass die Kinder und Jugendlichen ihre Hausaufgaben sorgf\u00e4ltig und selbstst\u00e4ndig erledigen. Bei Bedarf werden die Sch\u00fclerinnen und Sch\u00fcler nat\u00fcrlich auch durch die Betreuer unterst\u00fctzt.<\/p>\n<p><img loading=\"lazy\" decoding=\"async\" class=\"alignnone wp-image-1684\" src=\"https:\/\/www.sfz-friedberg.de\/wp-content\/uploads\/2024\/01\/OGS-Raum-300x225.jpg\" alt=\"\" width=\"471\" height=\"353\" srcset=\"https:\/\/www.sfz-friedberg.de\/wp-content\/uploads\/2024\/01\/OGS-Raum-300x225.jpg 300w, https:\/\/www.sfz-friedberg.de\/wp-content\/uploads\/2024\/01\/OGS-Raum-1024x768.jpg 1024w, https:\/\/www.sfz-friedberg.de\/wp-content\/uploads\/2024\/01\/OGS-Raum-768x576.jpg 768w, https:\/\/www.sfz-friedberg.de\/wp-content\/uploads\/2024\/01\/OGS-Raum-1536x1152.jpg 1536w, https:\/\/www.sfz-friedberg.de\/wp-content\/uploads\/2024\/01\/OGS-Raum-2048x1536.jpg 2048w\" sizes=\"auto, (max-width: 471px) 100vw, 471px\" \/><\/p>\n<p>Ein Blick in unseren OGS-Gruppenraum<br \/>\n<em>\u00a0<\/em><em>\u00a0<\/em><\/p>\n<p>Ausfl\u00fcge und gemeinschaftsf\u00f6rdernde Aktionen kommen nicht zu kurz.<br \/>\nDie Mitarbeiterinnen in der OGS wertsch\u00e4tzen die t\u00e4gliche Kooperation mit allen Beteiligten im Haus sowie eine individuelle Reflexion. P\u00e4dagogisch wertvolle Arbeit zum Wohle aller Sch\u00fclerinnen und Sch\u00fcler wird somit geleistet.<br \/>\nDiesen soll die Gelegenheit gegeben werden sich zu entspannen, allein oder in Gemeinschaft mit anderen zu spielen, kreativ zu sein und soziales Verhalten zu lernen und zu \u00fcben.<br \/>\nWir wollen Vertrauen vermitteln, Hoffnung stiften und uns um die uns anvertrauten Personen k\u00fcmmern.<\/p>\n<p><em>\u201eGut ankommen, gut da sein, gut weggehen\u2026\u201c<\/em><\/p>\n","protected":false},"excerpt":{"rendered":"<p>Die OGS ist ein verl\u00e4ssliches schulisches Betreuungsangebot, das Kindern ab der 5. Klasse an vier Wochentagen ab Unterrichtsende bis 16:00 &hellip; <\/p>\n","protected":false},"author":1,"featured_media":0,"parent":5,"menu_order":0,"comment_status":"closed","ping_status":"closed","template":"","meta":{"footnotes":""},"class_list":["post-22","page","type-page","status-publish","hentry"],"_links":{"self":[{"href":"https:\/\/www.sfz-friedberg.de\/index.php\/wp-json\/wp\/v2\/pages\/22","targetHints":{"allow":["GET"]}}],"collection":[{"href":"https:\/\/www.sfz-friedberg.de\/index.php\/wp-json\/wp\/v2\/pages"}],"about":[{"href":"https:\/\/www.sfz-friedberg.de\/index.php\/wp-json\/wp\/v2\/types\/page"}],"author":[{"embeddable":true,"href":"https:\/\/www.sfz-friedberg.de\/index.php\/wp-json\/wp\/v2\/users\/1"}],"replies":[{"embeddable":true,"href":"https:\/\/www.sfz-friedberg.de\/index.php\/wp-json\/wp\/v2\/comments?post=22"}],"version-history":[{"count":10,"href":"https:\/\/www.sfz-friedberg.de\/index.php\/wp-json\/wp\/v2\/pages\/22\/revisions"}],"predecessor-version":[{"id":1685,"href":"https:\/\/www.sfz-friedberg.de\/index.php\/wp-json\/wp\/v2\/pages\/22\/revisions\/1685"}],"up":[{"embeddable":true,"href":"https:\/\/www.sfz-friedberg.de\/index.php\/wp-json\/wp\/v2\/pages\/5"}],"wp:attachment":[{"href":"https:\/\/www.sfz-friedberg.de\/index.php\/wp-json\/wp\/v2\/media?parent=22"}],"curies":[{"name":"wp","href":"https:\/\/api.w.org\/{rel}","templated":true}]}}