{"id":24,"date":"2018-10-30T15:02:55","date_gmt":"2018-10-30T14:02:55","guid":{"rendered":"http:\/\/77.90.130.244\/blog\/?page_id=24"},"modified":"2018-12-13T13:57:44","modified_gmt":"2018-12-13T12:57:44","slug":"vm","status":"publish","type":"page","link":"https:\/\/www.sfz-friedberg.de\/index.php\/unsereangebote\/vm\/","title":{"rendered":"Verl\u00e4ngerte Mittagsbetreuung mit erh\u00f6hter F\u00f6rderung (VM)"},"content":{"rendered":"<h3 class=\"FESTSCHRIFTberschrift\"><button id=\"listenButton1\" class=\"responsivevoice-button\" type=\"button\" value=\"Play\" title=\"ResponsiveVoice Tap to Start\/Stop Speech\"><span>&#128266; Text zu Sprache<\/span><\/button>\n        <script>\n            listenButton1.onclick = function(){\n                if(responsiveVoice.isPlaying()){\n                    responsiveVoice.cancel();\n                }else{\n                    responsiveVoice.speak(\"Die Verl\u00e4ngerte Mittagsbetreuung ist eine Einrichtung, die Sch\u00fclerinnen und Sch\u00fcler im Grundschulalter im Anschluss an den Unterrichtsvormittag verpflegt, erzieherisch betreut, bei der Erledigung der Hausaufgaben unterst\u00fctzt, begleitet, individuell f\u00f6rdert und sie in der Freizeit p\u00e4dagogisch anleitet. Um 12:30 Uhr kommen die ersten Kinder, diese haben die M\u00f6glichkeit, bis zum gemeinsamen Mittagessen um 13:15 Uhr unser Freispielangebot zu nutzen. Anschlie\u00dfend gehen wir regelm\u00e4\u00dfig zum Spielen in den Garten. Erfrischt und gest\u00e4rkt beginnt die Hausaufgabenzeit. Die Kinder arbeiten in zwei Gruppen etwa\u00a0\u00a0 eine Stunde. Danach steht ihnen bis zum Nachtisch noch einmal unser Spielangebot zur Verf\u00fcgung. Nach unserer Abschlussrunde verlassen die Kinder die Einrichtung um 16 Uhr. Im Vordergrund stehen immer das Gemeinschaftserlebnis und das F\u00f6rdern von sozialen Kontakten und Beziehungen. Die p\u00e4dagogische Betreuung erfolgt auf der Grundlage eines ganzheitlichen, christlichen Menschenbildes. Wir legen gro\u00dfen Wert auf die Einhaltung und Umsetzung der Kinderrechte, auf eine qualifizierte und individuell abgestimmte p\u00e4dagogische Beobachtung, Betreuung und F\u00f6rderung. Die \u201eVM mit erh\u00f6hter F\u00f6rderung\u201c ist ein Kooperations-Projekt des Kreisjugendamtes mit der \u201eKJF Kinder- und Jugendhilfe Wittelsbacher Land\u201c.\", \"Deutsch Female\");\n                }\n            };\n        <\/script>\n    <\/h3>\n<p>Die Verl\u00e4ngerte Mittagsbetreuung ist eine Einrichtung, die Sch\u00fclerinnen und Sch\u00fcler im Grundschulalter im Anschluss an den Unterrichtsvormittag verpflegt, erzieherisch betreut, bei der Erledigung der Hausaufgaben unterst\u00fctzt, begleitet, individuell f\u00f6rdert und sie in der Freizeit p\u00e4dagogisch anleitet.<\/p>\n<p>Um 12:30 Uhr kommen die ersten Kinder, diese haben die M\u00f6glichkeit, bis zum gemeinsamen Mittagessen um 13:15 Uhr unser Freispielangebot zu nutzen. Anschlie\u00dfend gehen wir regelm\u00e4\u00dfig zum Spielen in den Garten. Erfrischt und gest\u00e4rkt beginnt die Hausaufgabenzeit. Die Kinder arbeiten in zwei Gruppen etwa\u00a0\u00a0 eine Stunde. Danach steht ihnen bis zum Nachtisch noch einmal unser Spielangebot zur Verf\u00fcgung. Nach unserer Abschlussrunde verlassen die Kinder die Einrichtung um 16 Uhr.<\/p>\n<p>Im Vordergrund stehen immer das Gemeinschaftserlebnis und das F\u00f6rdern von sozialen Kontakten und Beziehungen.<br \/>\nDie p\u00e4dagogische Betreuung erfolgt auf der Grundlage eines ganzheitlichen, christlichen Menschenbildes. Wir legen gro\u00dfen Wert auf die Einhaltung und Umsetzung der Kinderrechte, auf eine qualifizierte und individuell abgestimmte p\u00e4dagogische Beobachtung, Betreuung und F\u00f6rderung.<\/p>\n<p>Die \u201eVM mit erh\u00f6hter F\u00f6rderung\u201c ist ein Kooperations-Projekt des Kreisjugendamtes mit der \u201eKJF Kinder- und Jugendhilfe Wittelsbacher Land\u201c.<\/p>\n","protected":false},"excerpt":{"rendered":"<p>Die Verl\u00e4ngerte Mittagsbetreuung ist eine Einrichtung, die Sch\u00fclerinnen und Sch\u00fcler im Grundschulalter im Anschluss an den Unterrichtsvormittag verpflegt, erzieherisch betreut, &hellip; <\/p>\n","protected":false},"author":1,"featured_media":0,"parent":5,"menu_order":0,"comment_status":"closed","ping_status":"closed","template":"","meta":{"footnotes":""},"class_list":["post-24","page","type-page","status-publish","hentry"],"_links":{"self":[{"href":"https:\/\/www.sfz-friedberg.de\/index.php\/wp-json\/wp\/v2\/pages\/24","targetHints":{"allow":["GET"]}}],"collection":[{"href":"https:\/\/www.sfz-friedberg.de\/index.php\/wp-json\/wp\/v2\/pages"}],"about":[{"href":"https:\/\/www.sfz-friedberg.de\/index.php\/wp-json\/wp\/v2\/types\/page"}],"author":[{"embeddable":true,"href":"https:\/\/www.sfz-friedberg.de\/index.php\/wp-json\/wp\/v2\/users\/1"}],"replies":[{"embeddable":true,"href":"https:\/\/www.sfz-friedberg.de\/index.php\/wp-json\/wp\/v2\/comments?post=24"}],"version-history":[{"count":10,"href":"https:\/\/www.sfz-friedberg.de\/index.php\/wp-json\/wp\/v2\/pages\/24\/revisions"}],"predecessor-version":[{"id":723,"href":"https:\/\/www.sfz-friedberg.de\/index.php\/wp-json\/wp\/v2\/pages\/24\/revisions\/723"}],"up":[{"embeddable":true,"href":"https:\/\/www.sfz-friedberg.de\/index.php\/wp-json\/wp\/v2\/pages\/5"}],"wp:attachment":[{"href":"https:\/\/www.sfz-friedberg.de\/index.php\/wp-json\/wp\/v2\/media?parent=24"}],"curies":[{"name":"wp","href":"https:\/\/api.w.org\/{rel}","templated":true}]}}