{"id":33,"date":"2018-10-30T15:05:18","date_gmt":"2018-10-30T14:05:18","guid":{"rendered":"http:\/\/77.90.130.244\/blog\/?page_id=33"},"modified":"2019-11-11T16:02:24","modified_gmt":"2019-11-11T15:02:24","slug":"sfz","status":"publish","type":"page","link":"https:\/\/www.sfz-friedberg.de\/index.php\/schule\/sfz\/","title":{"rendered":"SFZ"},"content":{"rendered":"<h3 class=\"FESTSCHRIFTberschrift\"><button id=\"listenButton1\" class=\"responsivevoice-button\" type=\"button\" value=\"Play\" title=\"ResponsiveVoice Tap to Start\/Stop Speech\"><span>&#128266; Text zu Sprache<\/span><\/button>\n        <script>\n            listenButton1.onclick = function(){\n                if(responsiveVoice.isPlaying()){\n                    responsiveVoice.cancel();\n                }else{\n                    responsiveVoice.speak(\"Schule - Das Sonderp\u00e4dagogische F\u00f6rderzentrum Seit September 1994 f\u00fchrt die Vinzenz-Pallotti-Schule nach den Bekanntmachungen des Bayerischen Staatsministeriums f\u00fcr Unterricht, Kultus, Wissenschaft und Kunst die Bezeichnung \u201eSonderp\u00e4dagogisches F\u00f6rderzentrum (SFZ)\u201c. Kennzeichnend f\u00fcr unser F\u00f6rderzentrum sind folgende Aspekte: Die Sch\u00fclerschaft am SFZ (1. bis 9. Klasse) setzt sich zusammen aus Sch\u00fclern mit sonderp\u00e4dagogischem F\u00f6rderbedarf im Lernen, in der Sprache und\/oder im Verhalten. Durch die im Vergleich zur allgemeinen Schule geringeren Klassenst\u00e4rken werden Sch\u00fclerinnen und Sch\u00fcler am SFZ sehr individuell gef\u00f6rdert und erhalten ein hohes Ma\u00df an pers\u00f6nlicher Zuwendung und Aufmerksamkeit. Im Gegensatz zur allgemeinen Schule ist das SFZ eine\u00a0Angebotsschule, die Sch\u00fcler mit sonderp\u00e4dagogischem F\u00f6rderbedarf besuchen k\u00f6nnen, in der Regel jedoch nicht m\u00fcssen. Die gesetzliche Regelung legt fest, dass der Wille der Erziehungsberechtigten das entscheidende Kriterium ist, ob ein Sch\u00fcler mit sonderp\u00e4dagogischem F\u00f6rderbedarf das SFZ besucht oder nicht (vgl. Art. 41 BayEUG). In diesem Sinne werden die Eltern am SFZ intensiv beraten, die Entscheidung \u00fcber den F\u00f6rderort liegt in der Regel eindeutig bei den Eltern. In diesem Sinne stellt der Besuch des SFZ eine Alternative zur allgemeinen Schule dar, in der Kinder mit sonderp\u00e4dagogischem F\u00f6rderbedarf die Chance bekommen, Lerndefizite auszugleichen, Entlastung aufgrund andauernder \u00dcberforderung zu erfahren und erfolgreich zu lernen. Unser Ziel ist in allen F\u00f6rderstufen die R\u00fcckf\u00fchrung der Sch\u00fcler an die allgemeine Schule \u2013 jedoch nicht um jeden Preis. Das Wohlergehen der einzelnen Kinder in deren individuellem Umfeld steht im Mittelpunkt der \u00dcberlegungen zum richtigen F\u00f6rderort. Als Schulabschluss haben die Sch\u00fcler folgende M\u00f6glichkeiten: Individueller Abschluss Abschluss im Bildungsgang des F\u00f6rderschwerpunkts Lernen erfolgreichen Abschluss der Mittelschule. Um die Sch\u00fcler am SFZ optimal f\u00f6rdern zu k\u00f6nnen, streben wir eine intensive Zusammenarbeit mit den Eltern an. Dar\u00fcber hinaus arbeiten wir mit au\u00dferschulischen Institutionen zusammen und pflegen Kontakte zu Therapeuten, \u00c4mtern und Beratungsstellen aller Art. So stellen wir uns vor: Flyer\", \"Deutsch Female\");\n                }\n            };\n        <\/script>\n    <\/h3>\n<h1>Schule &#8211; Das Sonderp\u00e4dagogische F\u00f6rderzentrum<\/h1>\n<div style=\"font-weight: 400;\">\n<p>Seit September 1994 f\u00fchrt die Vinzenz-Pallotti-Schule nach den Bekanntmachungen des Bayerischen Staatsministeriums f\u00fcr Unterricht, Kultus, Wissenschaft und Kunst die Bezeichnung \u201e<strong>Sonderp\u00e4dagogisches F\u00f6rderzentrum (SFZ)\u201c.<\/strong><\/p>\n<p style=\"font-weight: 400;\">Kennzeichnend f\u00fcr unser F\u00f6rderzentrum sind folgende Aspekte:<\/p>\n<ul>\n<li>Die Sch\u00fclerschaft am SFZ (1. bis 9. Klasse) setzt sich zusammen aus Sch\u00fclern mit sonderp\u00e4dagogischem F\u00f6rderbedarf im Lernen, in der Sprache und\/oder im Verhalten.<\/li>\n<li>Durch die im Vergleich zur allgemeinen Schule geringeren Klassenst\u00e4rken werden Sch\u00fclerinnen und Sch\u00fcler am SFZ sehr individuell gef\u00f6rdert und erhalten ein hohes Ma\u00df an pers\u00f6nlicher Zuwendung und Aufmerksamkeit.<\/li>\n<li>Im Gegensatz zur allgemeinen Schule ist das SFZ eine\u00a0<i>Angebots<\/i>schule, die Sch\u00fcler mit sonderp\u00e4dagogischem F\u00f6rderbedarf besuchen k\u00f6nnen, in der Regel jedoch nicht m\u00fcssen. Die gesetzliche Regelung legt fest, dass der Wille der Erziehungsberechtigten das entscheidende Kriterium ist, ob ein Sch\u00fcler mit sonderp\u00e4dagogischem F\u00f6rderbedarf das SFZ besucht oder nicht (vgl. Art. 41 BayEUG). In diesem Sinne werden die Eltern am SFZ intensiv beraten, die Entscheidung \u00fcber den F\u00f6rderort liegt in der Regel eindeutig bei den Eltern. In diesem Sinne stellt der Besuch des SFZ eine Alternative zur allgemeinen Schule dar, in der Kinder mit sonderp\u00e4dagogischem F\u00f6rderbedarf die Chance bekommen, Lerndefizite auszugleichen, Entlastung aufgrund andauernder \u00dcberforderung zu erfahren und erfolgreich zu lernen.<\/li>\n<li>Unser Ziel ist in allen F\u00f6rderstufen die R\u00fcckf\u00fchrung der Sch\u00fcler an die allgemeine Schule \u2013 jedoch nicht um jeden Preis. Das Wohlergehen der einzelnen Kinder in deren individuellem Umfeld steht im Mittelpunkt der \u00dcberlegungen zum richtigen F\u00f6rderort.<\/li>\n<li>Als Schulabschluss haben die Sch\u00fcler folgende M\u00f6glichkeiten:\n<ul>\n<li>Individueller Abschluss<\/li>\n<li>Abschluss im Bildungsgang des F\u00f6rderschwerpunkts Lernen<\/li>\n<li>erfolgreichen Abschluss der Mittelschule.<\/li>\n<\/ul>\n<\/li>\n<li>Um die Sch\u00fcler am SFZ optimal f\u00f6rdern zu k\u00f6nnen, streben wir eine intensive Zusammenarbeit mit den Eltern an. Dar\u00fcber hinaus arbeiten wir mit au\u00dferschulischen Institutionen zusammen und pflegen Kontakte zu Therapeuten, \u00c4mtern und Beratungsstellen aller Art.<\/li>\n<\/ul>\n<p>So stellen wir uns vor:<\/p>\n<h1><a href=\"https:\/\/www.sfz-friedberg.de\/wp-content\/uploads\/2019\/11\/Flyer_November_2019.pdf\" target=\"_blank\" rel=\"noopener\"><span style=\"color: #0000ff;\">Flyer<\/span><\/a><\/h1>\n<\/div>\n","protected":false},"excerpt":{"rendered":"<p>Schule &#8211; Das Sonderp\u00e4dagogische F\u00f6rderzentrum Seit September 1994 f\u00fchrt die Vinzenz-Pallotti-Schule nach den Bekanntmachungen des Bayerischen Staatsministeriums f\u00fcr Unterricht, Kultus, &hellip; <\/p>\n","protected":false},"author":1,"featured_media":0,"parent":31,"menu_order":0,"comment_status":"closed","ping_status":"closed","template":"","meta":{"footnotes":""},"class_list":["post-33","page","type-page","status-publish","hentry"],"_links":{"self":[{"href":"https:\/\/www.sfz-friedberg.de\/index.php\/wp-json\/wp\/v2\/pages\/33","targetHints":{"allow":["GET"]}}],"collection":[{"href":"https:\/\/www.sfz-friedberg.de\/index.php\/wp-json\/wp\/v2\/pages"}],"about":[{"href":"https:\/\/www.sfz-friedberg.de\/index.php\/wp-json\/wp\/v2\/types\/page"}],"author":[{"embeddable":true,"href":"https:\/\/www.sfz-friedberg.de\/index.php\/wp-json\/wp\/v2\/users\/1"}],"replies":[{"embeddable":true,"href":"https:\/\/www.sfz-friedberg.de\/index.php\/wp-json\/wp\/v2\/comments?post=33"}],"version-history":[{"count":19,"href":"https:\/\/www.sfz-friedberg.de\/index.php\/wp-json\/wp\/v2\/pages\/33\/revisions"}],"predecessor-version":[{"id":1013,"href":"https:\/\/www.sfz-friedberg.de\/index.php\/wp-json\/wp\/v2\/pages\/33\/revisions\/1013"}],"up":[{"embeddable":true,"href":"https:\/\/www.sfz-friedberg.de\/index.php\/wp-json\/wp\/v2\/pages\/31"}],"wp:attachment":[{"href":"https:\/\/www.sfz-friedberg.de\/index.php\/wp-json\/wp\/v2\/media?parent=33"}],"curies":[{"name":"wp","href":"https:\/\/api.w.org\/{rel}","templated":true}]}}