{"id":35,"date":"2018-10-30T15:06:14","date_gmt":"2018-10-30T14:06:14","guid":{"rendered":"http:\/\/77.90.130.244\/blog\/?page_id=35"},"modified":"2018-12-11T16:29:35","modified_gmt":"2018-12-11T15:29:35","slug":"vinzenz-pallotti","status":"publish","type":"page","link":"https:\/\/www.sfz-friedberg.de\/index.php\/schule\/vinzenz-pallotti\/","title":{"rendered":"Vinzenz Pallotti"},"content":{"rendered":"<h3 class=\"FESTSCHRIFTberschrift\"><button id=\"listenButton1\" class=\"responsivevoice-button\" type=\"button\" value=\"Play\" title=\"ResponsiveVoice Tap to Start\/Stop Speech\"><span>&#128266; Text zu Sprache<\/span><\/button>\n        <script>\n            listenButton1.onclick = function(){\n                if(responsiveVoice.isPlaying()){\n                    responsiveVoice.cancel();\n                }else{\n                    responsiveVoice.speak(\"Unser Namenspatron Vinzenz Pallotti \u201eDie Liebe fordert, da\u00df wir jedem Menschen zu Hilfe kommen, der in Not ist, auch wenn wir feststellen, da\u00df er Fehler hat.\u201c Vincenzo Pallotti (1795 \u2013 1850) Der Heilige Vincenzo Pallotti wurde im Jahr 1795 in Rom geboren. Nach seiner Priesterweihe 1818 wurde er vor allem durch seine, f\u00fcr die damalige Zeit unkonventionelle Art der Verk\u00fcndigung bekannt. Vinzenz Pallotti fiel in seiner Zeit auch dadurch auf, dass er keinen Unterschied zwischen Armen und Reichen, einfachen Leuten und Gebildeten machte. F\u00fcr ihn galten sie alle als wertvoll in Gottes Augen und er versuchte den Menschen seinen Glauben an \u201eGottes unendliche Liebe\u201c zu vermitteln.\u00a0\u00a0 So baute er unter anderem Schulen f\u00fcr benachteiligte Kinder auf und f\u00f6rderte die Bildung von M\u00e4dchen, was in der damaligen Zeit noch nicht allgemein \u00fcblich war. 1850 starb er in Rom. Seine Ideen und Anliegen leben bis heute in der Arbeit der pallottinischen Gemeinschaft weiter. Das Anliegen \u201emitten unter den Menschen\u201c von Gottes Liebe zu erz\u00e4hlen wird heute auf allen Erdteilen durch verschiedene Aktivit\u00e4ten realisiert. Die Pallottiner arbeiten in der Pfarrseelsorge, in der Bildungsarbeit, an Schulen und Hochschulen, mit Kindern, Jugendlichen und Erwachsenen. Die Vinzenz-Pallotti-Schule in Friedberg f\u00fchlt sich durch ihren Namensgeber dem Gedanken verpflichtet, in ihrer Arbeit Kinder und Jugendliche zu f\u00f6rdern, Benachteiligung auszugleichen und zu minimieren und jeden Menschen mit seinen F\u00e4higkeiten und in seiner Einmaligkeit und W\u00fcrde wertzusch\u00e4tzen. Heute arbeiten keine Mitglieder der pallottinischen Gemeinschaft mehr an der Schule, jedoch bestehen gute Kontakte zum nahe gelegenen Provinzialat der Pallottiner in Friedberg. Patres des Ordens feiern mit uns u. a. Schulgottesdienste und die Schulfirmung und in den letzten Jahren haben auch schon Sch\u00fcler\/-innen im hauswirtschaftlichen Bereich des Provinzialats ihr Betriebspraktikum gemacht.\", \"Deutsch Female\");\n                }\n            };\n        <\/script>\n    <\/h3>\n<h3><strong>Unser Namenspatron Vinzenz Pallotti<\/strong><\/h3>\n<p>\u201eDie Liebe fordert, da\u00df wir jedem Menschen zu Hilfe kommen, der in Not ist, auch wenn wir feststellen, da\u00df er Fehler hat.\u201c<br \/>\nVincenzo Pallotti (1795 \u2013 1850)<\/p>\n<p><img loading=\"lazy\" decoding=\"async\" class=\"alignnone wp-image-142\" src=\"https:\/\/www.sfz-friedberg.de\/wp-content\/uploads\/2018\/11\/DSCF4910-1.jpg\" alt=\"\" width=\"611\" height=\"458\" \/><\/p>\n<p>Der Heilige Vincenzo Pallotti wurde im Jahr 1795 in Rom geboren. Nach seiner Priesterweihe 1818 wurde er vor allem durch seine, f\u00fcr die damalige Zeit unkonventionelle Art der Verk\u00fcndigung bekannt.<br \/>\nVinzenz Pallotti fiel in seiner Zeit auch dadurch auf, dass er keinen Unterschied zwischen Armen und Reichen, einfachen Leuten und Gebildeten machte. F\u00fcr ihn galten sie alle als wertvoll in Gottes Augen und er versuchte den Menschen seinen Glauben an \u201eGottes unendliche Liebe\u201c zu vermitteln.\u00a0\u00a0 So baute er unter anderem Schulen f\u00fcr benachteiligte Kinder auf und f\u00f6rderte die Bildung von M\u00e4dchen, was in der damaligen Zeit noch nicht allgemein \u00fcblich war. 1850 starb er in Rom. Seine Ideen und Anliegen leben bis heute in der Arbeit der pallottinischen Gemeinschaft weiter.<br \/>\nDas Anliegen \u201emitten unter den Menschen\u201c von Gottes Liebe zu erz\u00e4hlen wird heute auf allen Erdteilen durch verschiedene Aktivit\u00e4ten realisiert. Die Pallottiner arbeiten in der Pfarrseelsorge, in der Bildungsarbeit, an Schulen und Hochschulen, mit Kindern, Jugendlichen und Erwachsenen.<br \/>\nDie Vinzenz-Pallotti-Schule in Friedberg f\u00fchlt sich durch ihren Namensgeber dem Gedanken verpflichtet, in ihrer Arbeit Kinder und Jugendliche zu f\u00f6rdern, Benachteiligung auszugleichen und zu minimieren und jeden Menschen mit seinen F\u00e4higkeiten und in seiner Einmaligkeit und W\u00fcrde wertzusch\u00e4tzen.<br \/>\nHeute arbeiten keine Mitglieder der pallottinischen Gemeinschaft mehr an der Schule, jedoch bestehen gute Kontakte zum nahe gelegenen Provinzialat der Pallottiner in Friedberg. Patres des Ordens feiern mit uns u. a. Schulgottesdienste und die Schulfirmung und in den letzten Jahren haben auch schon Sch\u00fcler\/-innen im hauswirtschaftlichen Bereich des Provinzialats ihr Betriebspraktikum gemacht.<\/p>\n<p>&nbsp;<\/p>\n","protected":false},"excerpt":{"rendered":"<p>Unser Namenspatron Vinzenz Pallotti \u201eDie Liebe fordert, da\u00df wir jedem Menschen zu Hilfe kommen, der in Not ist, auch wenn &hellip; <\/p>\n","protected":false},"author":1,"featured_media":0,"parent":31,"menu_order":0,"comment_status":"closed","ping_status":"closed","template":"","meta":{"footnotes":""},"class_list":["post-35","page","type-page","status-publish","hentry"],"_links":{"self":[{"href":"https:\/\/www.sfz-friedberg.de\/index.php\/wp-json\/wp\/v2\/pages\/35","targetHints":{"allow":["GET"]}}],"collection":[{"href":"https:\/\/www.sfz-friedberg.de\/index.php\/wp-json\/wp\/v2\/pages"}],"about":[{"href":"https:\/\/www.sfz-friedberg.de\/index.php\/wp-json\/wp\/v2\/types\/page"}],"author":[{"embeddable":true,"href":"https:\/\/www.sfz-friedberg.de\/index.php\/wp-json\/wp\/v2\/users\/1"}],"replies":[{"embeddable":true,"href":"https:\/\/www.sfz-friedberg.de\/index.php\/wp-json\/wp\/v2\/comments?post=35"}],"version-history":[{"count":12,"href":"https:\/\/www.sfz-friedberg.de\/index.php\/wp-json\/wp\/v2\/pages\/35\/revisions"}],"predecessor-version":[{"id":535,"href":"https:\/\/www.sfz-friedberg.de\/index.php\/wp-json\/wp\/v2\/pages\/35\/revisions\/535"}],"up":[{"embeddable":true,"href":"https:\/\/www.sfz-friedberg.de\/index.php\/wp-json\/wp\/v2\/pages\/31"}],"wp:attachment":[{"href":"https:\/\/www.sfz-friedberg.de\/index.php\/wp-json\/wp\/v2\/media?parent=35"}],"curies":[{"name":"wp","href":"https:\/\/api.w.org\/{rel}","templated":true}]}}