{"id":39,"date":"2018-10-30T15:07:08","date_gmt":"2018-10-30T14:07:08","guid":{"rendered":"http:\/\/77.90.130.244\/blog\/?page_id=39"},"modified":"2024-12-06T08:58:19","modified_gmt":"2024-12-06T07:58:19","slug":"sve","status":"publish","type":"page","link":"https:\/\/www.sfz-friedberg.de\/index.php\/schule\/sve\/","title":{"rendered":"DIE SCHULVORBEREITENDE EINRICHTUNG (SVE)"},"content":{"rendered":"<h3 class=\"FESTSCHRIFTberschrift\"><button id=\"listenButton1\" class=\"responsivevoice-button\" type=\"button\" value=\"Play\" title=\"ResponsiveVoice Tap to Start\/Stop Speech\"><span>&#128266; Text zu Sprache<\/span><\/button>\n        <script>\n            listenButton1.onclick = function(){\n                if(responsiveVoice.isPlaying()){\n                    responsiveVoice.cancel();\n                }else{\n                    responsiveVoice.speak(\"Flyer \\\"SVE\\\" der Schwabenhilfe f\u00fcr Kinder Hier lernen unsere J\u00fcngsten, altersentsprechend nat\u00fcrlich sehr spielerisch. Durch das Verkn\u00fcpfen s\u00e4mtlicher Bereiche (ganzheitliches Lernen) unterst\u00fctzen wir unsere Kinder in ihrer Entwicklung. Wir versuchen Schw\u00e4chen zu schw\u00e4chen und St\u00e4rken zu st\u00e4rken. Unser oberstes Ziel ist das Erreichen der Schulf\u00e4higkeit, d.h. ein gelingender Schulstart. Die Eltern entscheiden, in welche Schule ihr Kind eingeschult wird. Die vertrauensvolle Zusammenarbeit von SVE und Eltern ist f\u00fcr eine erfolgreiche Arbeit enorm wichtig. Unsere schulvorbereitende Einrichtung hat derzeit 4 Gruppen, zwei sind in Friedberg im Georg-Fendt Haus, die beiden anderen in Ried untergebracht. Tr\u00e4ger der SVE ist die Schwabenhilfe f\u00fcr Kinder e.V.. Bei uns werden Kinder im Alter zwischen vier und sieben Jahren gef\u00f6rdert und betreut. Ein Vormittag in der SVE ist abwechslungsreich, wir haben viele M\u00f6glichkeiten, die Entwicklung der Kinder zu unterst\u00fctzen. So kann bei uns beispielsweise ein SVE-Tag aussehen: Die Kinder kommen zwischen 8:00 Uhr und 8:15 Uhr in der SVE an. Der gemeinsame Vormittag beginnt mit der Begr\u00fc\u00dfung im Morgenkreis. Gleich im Anschluss startet der t\u00e4gliche Stuhlkreis. Dabei stehen jahreszeitliche Themen, Sachthemen oder auch Interessen der Kinder im Mittelpunkt. Im Laufe einer Woche werden dabei alle F\u00f6rderbereiche bedacht. Unser Lernen ist dem Alter der Kinder angepasst, also immer verbunden mit\u00a0 Spielen und spannenden Aufgaben. Nach dieser Phase, die meist mit der ganzen Gruppe stattfindet, geht es in die Spiele \u2013 Runden. Dabei ist das Tun der Kinder noch gelenkt, die Gruppenleiterin, eine Heilp\u00e4dagogin, entscheidet, welches Angebot zum betreffenden Kind gut passt. Grundlage daf\u00fcr ist der F\u00f6rderplan, der f\u00fcr jedes Kind individuell erstellt wird. Im Anschluss gibt es die wohlverdiente Brotzeit. Wir essen gemeinsam und bem\u00fchen uns um eine gem\u00fctliche und m\u00f6glichst ruhige Pause. Danach verrichten die Kinder ihre zugeteilten Dienste, z.B. Tisch abr\u00e4umen, absp\u00fclen oder abtrocknen. Endlich ist Freispielzeit, diese Zeit ist bei den Kindern ganz besonders beliebt. Jeder darf seine Spielideen\u00a0 in der frei gew\u00e4hlten Ecke verwirklichen. Viel zu schnell vergeht dabei die Zeit und schon muss aufger\u00e4umt werden. Nun setzen wir uns nochmal im Kreis zusammen und blicken auf unseren Vormittag zur\u00fcck. Um 12.00 Uhr ist die SVE zu Ende. Manche Kinder werden von den Eltern abgeholt, die meisten werden mit Kleinbussen nach Hause gebracht oder in einen Kindergarten gefahren. Im Jahresverlauf gibt es bei uns viele besondere Aktionen, unsere Highlights im laufenden Jahr: Konzerte von Live Musik Now, ein Theaterbesuch, Faschingsparty, \u201eKasperl aus der Truhe\u201c und im Sommer nat\u00fcrlich ein sch\u00f6nes Fest. In unregelm\u00e4\u00dfigen Abst\u00e4nden bieten wir Elternfr\u00fchst\u00fccke oder Eltern-Bastel-Aktionen an. Die Kinder genie\u00dfen es sehr, dass viele unserer Eltern, und manchmal auch Gro\u00dfeltern, daran teilnehmen. Jedes Jahr findet bei uns der Elternkurs \u201eFamilienteam\u201c statt, der Eltern in ihrer Erziehungsarbeit unterst\u00fctzt und st\u00e4rkt.\", \"Deutsch Female\");\n                }\n            };\n        <\/script>\n    <\/h3>\n<h2><a href=\"https:\/\/www.sfz-friedberg.de\/wp-content\/uploads\/2024\/12\/02_Flyer_Schwabenhilfe_6s_scr.pdf\" target=\"_blank\" rel=\"noopener\">Flyer &#8222;SVE&#8220; der Schwabenhilfe f\u00fcr Kinder<\/a><\/h2>\n<p>Hier lernen unsere J\u00fcngsten, altersentsprechend nat\u00fcrlich sehr spielerisch. Durch das Verkn\u00fcpfen s\u00e4mtlicher Bereiche (ganzheitliches Lernen) unterst\u00fctzen wir unsere Kinder in ihrer Entwicklung. Wir versuchen Schw\u00e4chen zu schw\u00e4chen und St\u00e4rken zu st\u00e4rken.<\/p>\n<p>Unser oberstes Ziel ist das Erreichen der Schulf\u00e4higkeit, d.h. ein gelingender Schulstart. Die Eltern entscheiden, in welche Schule ihr Kind eingeschult wird. Die vertrauensvolle Zusammenarbeit von SVE und Eltern ist f\u00fcr eine erfolgreiche Arbeit enorm wichtig.<\/p>\n<p><img loading=\"lazy\" decoding=\"async\" class=\"alignnone wp-image-626 size-full\" src=\"https:\/\/www.sfz-friedberg.de\/wp-content\/uploads\/2018\/12\/SVE-Grafik-Waben.png\" alt=\"\" width=\"667\" height=\"686\" \/><\/p>\n<p>Unsere schulvorbereitende Einrichtung hat derzeit 4 Gruppen, zwei sind in Friedberg im Georg-Fendt Haus, die beiden anderen in Ried untergebracht. Tr\u00e4ger der SVE ist die <strong><span style=\"color: #0000ff;\"><a style=\"color: #0000ff;\" href=\"https:\/\/schwabenhilfe.de\/kinder\/\">Schwabenhilfe f\u00fcr Kinder e.V.<\/a><\/span><\/strong>. Bei uns werden Kinder im Alter zwischen vier und sieben Jahren gef\u00f6rdert und betreut.<\/p>\n<p>Ein Vormittag in der SVE ist abwechslungsreich, wir haben viele M\u00f6glichkeiten, die Entwicklung der Kinder zu unterst\u00fctzen.<\/p>\n<p>So kann bei uns beispielsweise ein SVE-Tag aussehen:<\/p>\n<p>Die Kinder kommen zwischen 8:00 Uhr und 8:15 Uhr in der SVE an. Der gemeinsame Vormittag beginnt mit der Begr\u00fc\u00dfung im Morgenkreis. Gleich im Anschluss startet der t\u00e4gliche Stuhlkreis. Dabei stehen jahreszeitliche Themen, Sachthemen oder auch Interessen der Kinder im Mittelpunkt. Im Laufe einer Woche werden dabei alle F\u00f6rderbereiche bedacht. Unser Lernen ist dem Alter der Kinder angepasst, also immer verbunden mit\u00a0 Spielen und spannenden Aufgaben.<br \/>\nNach dieser Phase, die meist mit der ganzen Gruppe stattfindet, geht es in die Spiele \u2013 Runden. Dabei ist das Tun der Kinder noch gelenkt, die Gruppenleiterin, eine Heilp\u00e4dagogin, entscheidet, welches Angebot zum betreffenden Kind gut passt. Grundlage daf\u00fcr ist der F\u00f6rderplan, der f\u00fcr jedes Kind individuell erstellt wird.<br \/>\nIm Anschluss gibt es die wohlverdiente Brotzeit.<br \/>\nWir essen gemeinsam und bem\u00fchen uns um eine gem\u00fctliche und m\u00f6glichst ruhige Pause.<br \/>\nDanach verrichten die Kinder ihre zugeteilten Dienste, z.B. Tisch abr\u00e4umen, absp\u00fclen oder abtrocknen.<br \/>\nEndlich ist Freispielzeit, diese Zeit ist bei den Kindern ganz besonders beliebt.<\/p>\n<p>Jeder darf seine Spielideen\u00a0 in der frei gew\u00e4hlten Ecke verwirklichen. Viel zu schnell vergeht dabei die Zeit und schon muss aufger\u00e4umt werden. Nun setzen wir uns nochmal im Kreis zusammen und blicken auf unseren Vormittag zur\u00fcck. Um 12.00 Uhr ist die SVE zu Ende. Manche Kinder werden von den Eltern abgeholt, die meisten werden mit Kleinbussen nach Hause gebracht oder in einen Kindergarten gefahren.<\/p>\n<p>Im Jahresverlauf gibt es bei uns viele besondere Aktionen, unsere Highlights im laufenden Jahr:<br \/>\nKonzerte von Live Musik Now, ein Theaterbesuch, Faschingsparty, \u201eKasperl aus der Truhe\u201c und im Sommer nat\u00fcrlich ein sch\u00f6nes Fest. In unregelm\u00e4\u00dfigen Abst\u00e4nden bieten wir Elternfr\u00fchst\u00fccke oder Eltern-Bastel-Aktionen an. Die Kinder genie\u00dfen es sehr, dass viele unserer Eltern, und manchmal auch Gro\u00dfeltern, daran teilnehmen. Jedes Jahr findet bei uns der Elternkurs \u201eFamilienteam\u201c statt, der Eltern in ihrer Erziehungsarbeit unterst\u00fctzt und st\u00e4rkt.<\/p>\n<p>&nbsp;<\/p>\n","protected":false},"excerpt":{"rendered":"<p>Flyer &#8222;SVE&#8220; der Schwabenhilfe f\u00fcr Kinder Hier lernen unsere J\u00fcngsten, altersentsprechend nat\u00fcrlich sehr spielerisch. Durch das Verkn\u00fcpfen s\u00e4mtlicher Bereiche (ganzheitliches &hellip; <\/p>\n","protected":false},"author":1,"featured_media":0,"parent":31,"menu_order":0,"comment_status":"closed","ping_status":"closed","template":"","meta":{"footnotes":""},"class_list":["post-39","page","type-page","status-publish","hentry"],"_links":{"self":[{"href":"https:\/\/www.sfz-friedberg.de\/index.php\/wp-json\/wp\/v2\/pages\/39","targetHints":{"allow":["GET"]}}],"collection":[{"href":"https:\/\/www.sfz-friedberg.de\/index.php\/wp-json\/wp\/v2\/pages"}],"about":[{"href":"https:\/\/www.sfz-friedberg.de\/index.php\/wp-json\/wp\/v2\/types\/page"}],"author":[{"embeddable":true,"href":"https:\/\/www.sfz-friedberg.de\/index.php\/wp-json\/wp\/v2\/users\/1"}],"replies":[{"embeddable":true,"href":"https:\/\/www.sfz-friedberg.de\/index.php\/wp-json\/wp\/v2\/comments?post=39"}],"version-history":[{"count":18,"href":"https:\/\/www.sfz-friedberg.de\/index.php\/wp-json\/wp\/v2\/pages\/39\/revisions"}],"predecessor-version":[{"id":1900,"href":"https:\/\/www.sfz-friedberg.de\/index.php\/wp-json\/wp\/v2\/pages\/39\/revisions\/1900"}],"up":[{"embeddable":true,"href":"https:\/\/www.sfz-friedberg.de\/index.php\/wp-json\/wp\/v2\/pages\/31"}],"wp:attachment":[{"href":"https:\/\/www.sfz-friedberg.de\/index.php\/wp-json\/wp\/v2\/media?parent=39"}],"curies":[{"name":"wp","href":"https:\/\/api.w.org\/{rel}","templated":true}]}}