{"id":47,"date":"2018-10-30T15:08:31","date_gmt":"2018-10-30T14:08:31","guid":{"rendered":"http:\/\/77.90.130.244\/blog\/?page_id=47"},"modified":"2018-11-28T10:32:05","modified_gmt":"2018-11-28T09:32:05","slug":"kooperations-klassen","status":"publish","type":"page","link":"https:\/\/www.sfz-friedberg.de\/index.php\/schule\/kooperations-klassen\/","title":{"rendered":"Kooperations-Klassen"},"content":{"rendered":"<h3 class=\"FESTSCHRIFTberschrift\"><button id=\"listenButton1\" class=\"responsivevoice-button\" type=\"button\" value=\"Play\" title=\"ResponsiveVoice Tap to Start\/Stop Speech\"><span>&#128266; Text zu Sprache<\/span><\/button>\n        <script>\n            listenButton1.onclick = function(){\n                if(responsiveVoice.isPlaying()){\n                    responsiveVoice.cancel();\n                }else{\n                    responsiveVoice.speak(\"Klassen des SFZ - Kooperationsklassen Das Modell der Kooperationsklasse ist ein Angebot der F\u00f6rderschule f\u00fcr die allgemeine Schule. Sonderp\u00e4dagogen arbeiten mit einem gewissen Stundenma\u00df an der Regelschule. Kooperationsklassen k\u00f6nnen in Grundschulen oder Mittelschule eingerichtet werden und auf Initiative der allgemeinen Schulen in Absprache mit dem F\u00f6rderzentrum eingerichtet werden. Ziel einer Kooperationsklasse ist es, Kinder mit und ohne sonderp\u00e4dagogischem F\u00f6rderbedarf in ihrer Entwicklung zu unterst\u00fctzen. Die Kooperationssch\u00fcler sind sprengelbefreit, das Schulamt regelt die Bef\u00f6rderung.\", \"Deutsch Female\");\n                }\n            };\n        <\/script>\n    <\/h3>\n<h3>Klassen des SFZ &#8211; Kooperationsklassen<\/h3>\n<p><img loading=\"lazy\" decoding=\"async\" class=\"alignnone size-full wp-image-178\" src=\"http:\/\/sfz-friedberg.de\/wp-content\/uploads\/2018\/11\/image001-4.gif\" alt=\"\" width=\"382\" height=\"113\" \/><\/p>\n<p style=\"font-weight: 400;\">Das Modell der Kooperationsklasse ist ein Angebot der F\u00f6rderschule f\u00fcr die allgemeine Schule. Sonderp\u00e4dagogen arbeiten mit einem gewissen Stundenma\u00df an der Regelschule. Kooperationsklassen k\u00f6nnen in Grundschulen oder Mittelschule eingerichtet werden und auf Initiative der allgemeinen Schulen in Absprache mit dem F\u00f6rderzentrum eingerichtet werden. Ziel einer Kooperationsklasse ist es, Kinder mit und ohne sonderp\u00e4dagogischem F\u00f6rderbedarf in ihrer Entwicklung zu unterst\u00fctzen.<\/p>\n<p style=\"font-weight: 400;\">Die Kooperationssch\u00fcler sind sprengelbefreit, das Schulamt regelt die Bef\u00f6rderung.<\/p>\n","protected":false},"excerpt":{"rendered":"<p>Klassen des SFZ &#8211; Kooperationsklassen Das Modell der Kooperationsklasse ist ein Angebot der F\u00f6rderschule f\u00fcr die allgemeine Schule. Sonderp\u00e4dagogen arbeiten &hellip; <\/p>\n","protected":false},"author":1,"featured_media":0,"parent":31,"menu_order":0,"comment_status":"closed","ping_status":"closed","template":"","meta":{"footnotes":""},"class_list":["post-47","page","type-page","status-publish","hentry"],"_links":{"self":[{"href":"https:\/\/www.sfz-friedberg.de\/index.php\/wp-json\/wp\/v2\/pages\/47","targetHints":{"allow":["GET"]}}],"collection":[{"href":"https:\/\/www.sfz-friedberg.de\/index.php\/wp-json\/wp\/v2\/pages"}],"about":[{"href":"https:\/\/www.sfz-friedberg.de\/index.php\/wp-json\/wp\/v2\/types\/page"}],"author":[{"embeddable":true,"href":"https:\/\/www.sfz-friedberg.de\/index.php\/wp-json\/wp\/v2\/users\/1"}],"replies":[{"embeddable":true,"href":"https:\/\/www.sfz-friedberg.de\/index.php\/wp-json\/wp\/v2\/comments?post=47"}],"version-history":[{"count":5,"href":"https:\/\/www.sfz-friedberg.de\/index.php\/wp-json\/wp\/v2\/pages\/47\/revisions"}],"predecessor-version":[{"id":430,"href":"https:\/\/www.sfz-friedberg.de\/index.php\/wp-json\/wp\/v2\/pages\/47\/revisions\/430"}],"up":[{"embeddable":true,"href":"https:\/\/www.sfz-friedberg.de\/index.php\/wp-json\/wp\/v2\/pages\/31"}],"wp:attachment":[{"href":"https:\/\/www.sfz-friedberg.de\/index.php\/wp-json\/wp\/v2\/media?parent=47"}],"curies":[{"name":"wp","href":"https:\/\/api.w.org\/{rel}","templated":true}]}}