{"id":476,"date":"2018-12-07T15:46:02","date_gmt":"2018-12-07T14:46:02","guid":{"rendered":"http:\/\/www.sfz-friedberg.de\/?page_id=476"},"modified":"2018-12-14T10:30:53","modified_gmt":"2018-12-14T09:30:53","slug":"sonderpaedagogisches-foerderzentrum","status":"publish","type":"page","link":"https:\/\/www.sfz-friedberg.de\/index.php\/sonderpaedagogisches-foerderzentrum\/","title":{"rendered":"Sonderp\u00e4dagogisches F\u00f6rderzentrum"},"content":{"rendered":"<p>Seit September 1994 f\u00fchrt die Vinzenz-Pallotti-Schule nach den Bekanntmachungen des Bayerischen Staatsministeriums f\u00fcr Unterricht, Kultus, Wissenschaft und Kunst die Bezeichnung \u201e<strong>Sonderp\u00e4dagogisches F\u00f6rderzentrum (SFZ)<\/strong>\u201c.<\/p>\n<p>Kennzeichnend f\u00fcr ein Sonderp\u00e4dagogisches F\u00f6rderzentrum sind folgende Aspekte:<\/p>\n<ul>\n<li style=\"list-style-type: none\">\n<ul>\n<li>Die Sch\u00fclerschaft am SFZ (1. bis 9. Klasse) setzt sich zusammen aus Sch\u00fcler\/-innen mit sonderp\u00e4dagogischem F\u00f6rderbedarf in den F\u00f6rderschwerpunkten Lernen, Sprache und\/oder Emotionalit\u00e4t und Sozialverhalten.<\/li>\n<li>Durch die im Vergleich zur allgemeinen Schule geringeren Klassenst\u00e4rken werden Sch\u00fcler\/-innen am SFZ sehr individuell gef\u00f6rdert und erhalten ein hohes Ma\u00df an pers\u00f6nlicher Zuwendung und Aufmerksamkeit.<\/li>\n<li>Im Gegensatz zur allgemeinen Schule ist das SFZ eine Angebotsschule, die Sch\u00fcler\/-innen mit sonderp\u00e4dagogischem F\u00f6rderbedarf besuchen k\u00f6nnen, in der Regel jedoch nicht m\u00fcssen. Die gesetzliche Regelung legt fest, dass der Wille der Erziehungsberechtigten das entscheidende Kriterium ist, ob ein Sch\u00fcler mit sonderp\u00e4dagogischem F\u00f6rderbedarf das SFZ besucht oder nicht (vgl. Art. 41 BayEUG). Voraussetzung f\u00fcr die Aufnahme ist jedoch, dass ein sonderp\u00e4dagogischer F\u00f6rderbedarf in den F\u00f6rderschwerpunkten Lernen, Sprache und\/oder Emotionalit\u00e4t und Sozialverhalten diagnostiziert worden ist.\n<p>Die Eltern werden intensiv beraten, die Entscheidung \u00fcber den F\u00f6rderort liegt in der Regel eindeutig bei den Eltern. In diesem Sinne stellt der Besuch des SFZ eine Alternative zur allgemeinen Schule dar, in der Kinder mit sonderp\u00e4dagogischem F\u00f6rderbedarf die Chance bekommen, entsprechend ihrer individuellen Lernentwicklungsst\u00e4nde gef\u00f6rdert zu werden, so dass sie Lernfortschritte erzielen und zum Lernen und Leisten durch die Erfahrung von Erfolg motiviert und ermutigt werden.<\/li>\n<li>Unser Ziel ist die R\u00fcckf\u00fchrung der Sch\u00fcler\/-innen an die allgemeine Schule.<\/li>\n<\/li>\n<p><\/p>\n<li>Als Schulabschluss haben die Sch\u00fcler folgende M\u00f6glichkeiten:<br \/>\n&#8211;\u00a0Abschluss mit einer Beschreibung der erreichten individuellen Lernziele und Kompetenzen in allen Unterrichtsf\u00e4chern<br \/>\n&#8211;\u00a0Erfolgreicher Abschluss im Bildungsgang des F\u00f6rderschwerpunkts Lernen nach Abschlusspr\u00fcfung<br \/>\n&#8211;\u00a0Erfolgreicher Abschluss der Mittelschule nach Abschlusspr\u00fcfung<\/li>\n<\/ul>\n","protected":false},"excerpt":{"rendered":"<p>Seit September 1994 f\u00fchrt die Vinzenz-Pallotti-Schule nach den Bekanntmachungen des Bayerischen Staatsministeriums f\u00fcr Unterricht, Kultus, Wissenschaft und Kunst die Bezeichnung &hellip; <\/p>\n","protected":false},"author":1,"featured_media":0,"parent":0,"menu_order":0,"comment_status":"closed","ping_status":"closed","template":"","meta":{"footnotes":""},"class_list":["post-476","page","type-page","status-publish","hentry"],"_links":{"self":[{"href":"https:\/\/www.sfz-friedberg.de\/index.php\/wp-json\/wp\/v2\/pages\/476","targetHints":{"allow":["GET"]}}],"collection":[{"href":"https:\/\/www.sfz-friedberg.de\/index.php\/wp-json\/wp\/v2\/pages"}],"about":[{"href":"https:\/\/www.sfz-friedberg.de\/index.php\/wp-json\/wp\/v2\/types\/page"}],"author":[{"embeddable":true,"href":"https:\/\/www.sfz-friedberg.de\/index.php\/wp-json\/wp\/v2\/users\/1"}],"replies":[{"embeddable":true,"href":"https:\/\/www.sfz-friedberg.de\/index.php\/wp-json\/wp\/v2\/comments?post=476"}],"version-history":[{"count":16,"href":"https:\/\/www.sfz-friedberg.de\/index.php\/wp-json\/wp\/v2\/pages\/476\/revisions"}],"predecessor-version":[{"id":755,"href":"https:\/\/www.sfz-friedberg.de\/index.php\/wp-json\/wp\/v2\/pages\/476\/revisions\/755"}],"wp:attachment":[{"href":"https:\/\/www.sfz-friedberg.de\/index.php\/wp-json\/wp\/v2\/media?parent=476"}],"curies":[{"name":"wp","href":"https:\/\/api.w.org\/{rel}","templated":true}]}}