{"id":479,"date":"2018-12-07T15:46:02","date_gmt":"2018-12-07T14:46:02","guid":{"rendered":"http:\/\/www.sfz-friedberg.de\/?page_id=479"},"modified":"2018-12-12T09:26:44","modified_gmt":"2018-12-12T08:26:44","slug":"leitbild","status":"publish","type":"page","link":"https:\/\/www.sfz-friedberg.de\/index.php\/leitbild\/","title":{"rendered":"Leitbild"},"content":{"rendered":"<h1 style=\"text-align: center;\"><strong>Unser Leitbild <\/strong><\/h1>\n<p style=\"text-align: center;\"><strong>Von welchen Vorstellungen lassen wir uns bei der Gestaltung von Schule\u00a0<\/strong><strong>leiten?<\/strong><\/p>\n<p style=\"text-align: center;\"><strong>Wir orientieren uns in Unterricht und Erziehung unserer Sch\u00fcler\/-innen\u00a0 daran, dass wir f\u00fcr ihre Lebensgestaltung \u201egute Spuren\u201c legen:<\/strong><\/p>\n<p><strong>\u00a0<\/strong><\/p>\n<p><strong>Atmosph\u00e4re der Wertsch\u00e4tzung<\/strong><br \/>\nDas Herzst\u00fcck unserer Schule bildet eine respektvolle Atmosph\u00e4re, in der jede Person Wertsch\u00e4tzung erf\u00e4hrt, mit all ihren St\u00e4rken und Schw\u00e4chen \u2013 so wie sie ist.<\/p>\n<p><strong>Erziehung durch Beziehung<\/strong><br \/>\nWir bem\u00fchen uns um eine stabile, vertrauensvolle Beziehung zu Sch\u00fclerinnen und Sch\u00fclern und zu den Erziehungsberechtigten, in der wir das Fundament f\u00fcr eine erfolgreiche Erziehung und F\u00f6rderung sehen.<\/p>\n<p><strong>Werte machen stark<\/strong><br \/>\nWir st\u00e4rken die Sch\u00fclerinnen und Sch\u00fcler in ihrer individuellen Pers\u00f6nlichkeitsentwicklung. Wir \u00fcbernehmen die Verantwortung f\u00fcr die Erziehung zu Werten, indem wir diese in unserer Schulfamilie leben und vorleben.<\/p>\n<p><strong>Sich das Leben zutrauen und das Leben bew\u00e4ltigen<\/strong><br \/>\nWir sehen es als unsere oberste Bildungsaufgabe an, dass die Sch\u00fclerinnen und Sch\u00fcler sich den Anforderungen mutig stellen und gut vorbereitet sind auf die Bew\u00e4ltigung dieser Anforderungen im privaten und beruflichen Lebensbereich.<\/p>\n<p><strong>Freude am Lernen gewinnen durch Erfolg <\/strong><br \/>\nWir unterst\u00fctzen unsere Sch\u00fclerinnen und Sch\u00fcler individuell in ihrem schulischen Lernen, indem wir durch erreichbare Ziele Erfolgserlebnisse erm\u00f6glichen. Aus Erfolgen w\u00e4chst Motivation und Selbstvertrauen.<\/p>\n<p><strong>Frohes Leben in der Schule und Neues wagen<\/strong><br \/>\nBei uns an der Schule gibt es auch Zeit f\u00fcr Spa\u00df, Humor, Kreativit\u00e4t und gl\u00fcckliches Miteinander.<\/p>\n<p><strong>Vielf\u00e4ltige Lernfelder<\/strong><br \/>\nWir holen das Leben in die Schule (Handwerker, K\u00fcnstler, Musiker, Sportler \u2026)\u00a0 und lernen auch au\u00dferhalb der Schule.<\/p>\n<p><strong>\u00a0<\/strong><\/p>\n<p style=\"text-align: center;\"><strong>Unsere Haltung ist unsere Ressource<\/strong><\/p>\n<p style=\"text-align: center;\">Das ist wichtig, damit wir diese Leitvorstellungen umsetzen k\u00f6nnen:<\/p>\n<p><strong>\u00a0<\/strong><\/p>\n<p><strong>Jeder Tag ein Neuanfang<\/strong><br \/>\nWir haben die Haltung, dass f\u00fcr uns alle jeder Tag neue M\u00f6glichkeiten und Chancen bereith\u00e4lt.<\/p>\n<p><strong>Gemeinsam sind wir stark<\/strong><br \/>\nWir, alle Mitarbeiterinnen und Mitarbeiter im Haus, unterst\u00fctzen uns gegenseitig bei der Erf\u00fcllung unserer Aufgaben.<\/p>\n<p><strong>Vertrauen und Wertsch\u00e4tzung in der Kooperation<\/strong><br \/>\nWir kooperieren mit allen Erziehungsberechtigten und externen Kooperationspartnern vertrauensvoll und begegnen deren Perspektiven und fachlichen \u00dcberzeugungen mit Interesse und Wertsch\u00e4tzung.<\/p>\n<p><strong>Offenheit und Klarheit<\/strong><br \/>\nWir pflegen eine Kultur der offenen, klaren Kommunikation und Reflexion unserer Arbeit.<\/p>\n<p><strong>Achtsamkeit gegen\u00fcber unserer Professionalit\u00e4t<\/strong><br \/>\nKollegiale Fallbesprechungen, Supervision, Psychohygiene erachten wir als notwendige Ressource zur Erhaltung unseres eigenen Wohlbefindens und unserer Professionalit\u00e4t.<\/p>\n","protected":false},"excerpt":{"rendered":"<p>Unser Leitbild Von welchen Vorstellungen lassen wir uns bei der Gestaltung von Schule\u00a0leiten? Wir orientieren uns in Unterricht und Erziehung &hellip; <\/p>\n","protected":false},"author":1,"featured_media":0,"parent":0,"menu_order":0,"comment_status":"closed","ping_status":"closed","template":"","meta":{"footnotes":""},"class_list":["post-479","page","type-page","status-publish","hentry"],"_links":{"self":[{"href":"https:\/\/www.sfz-friedberg.de\/index.php\/wp-json\/wp\/v2\/pages\/479","targetHints":{"allow":["GET"]}}],"collection":[{"href":"https:\/\/www.sfz-friedberg.de\/index.php\/wp-json\/wp\/v2\/pages"}],"about":[{"href":"https:\/\/www.sfz-friedberg.de\/index.php\/wp-json\/wp\/v2\/types\/page"}],"author":[{"embeddable":true,"href":"https:\/\/www.sfz-friedberg.de\/index.php\/wp-json\/wp\/v2\/users\/1"}],"replies":[{"embeddable":true,"href":"https:\/\/www.sfz-friedberg.de\/index.php\/wp-json\/wp\/v2\/comments?post=479"}],"version-history":[{"count":7,"href":"https:\/\/www.sfz-friedberg.de\/index.php\/wp-json\/wp\/v2\/pages\/479\/revisions"}],"predecessor-version":[{"id":611,"href":"https:\/\/www.sfz-friedberg.de\/index.php\/wp-json\/wp\/v2\/pages\/479\/revisions\/611"}],"wp:attachment":[{"href":"https:\/\/www.sfz-friedberg.de\/index.php\/wp-json\/wp\/v2\/media?parent=479"}],"curies":[{"name":"wp","href":"https:\/\/api.w.org\/{rel}","templated":true}]}}