{"id":675,"date":"2018-12-12T17:25:23","date_gmt":"2018-12-12T16:25:23","guid":{"rendered":"http:\/\/www.sfz-friedberg.de\/?page_id=675"},"modified":"2026-01-15T11:21:30","modified_gmt":"2026-01-15T10:21:30","slug":"termine","status":"publish","type":"page","link":"https:\/\/www.sfz-friedberg.de\/index.php\/termine\/","title":{"rendered":"Termine"},"content":{"rendered":"<h3 class=\"FESTSCHRIFTberschrift\"><button id=\"listenButton1\" class=\"responsivevoice-button\" type=\"button\" value=\"Play\" title=\"ResponsiveVoice Tap to Start\/Stop Speech\"><span>&#128266; Text zu Sprache<\/span><\/button>\n        <script>\n            listenButton1.onclick = function(){\n                if(responsiveVoice.isPlaying()){\n                    responsiveVoice.cancel();\n                }else{\n                    responsiveVoice.speak(\"05.12.2025 Adventszeit mit vielen Angeboten (Bastelaktionen, Vorf\u00fchrungen, Kulinarisches ...) f\u00fcr alle Mitglieder unserer Schulfamilie ab 16:30 Uhr bis 19 Uhr (16-16:30 Uhr Start f\u00fcr die Erziehungsberechtigten der Klassen 1-4 und der Sch\u00fclerinnen und Sch\u00fcler, die beim Chor mitsingen) Der Elterninformationsabend zur Einschulung im Schuljahr 2026\/27\u00a0findet am Montag, den 26.01.2026 statt. Ab 18.30 Uhr k\u00f6nnen Sie Klassenzimmer der Diagnose- und F\u00f6rderklassen anschauen. P\u00fcnktlich um 19 Uhr beginnt dann die eigentliche Informationsveranstaltung. Wir freuen uns \u00fcber Ihr Interesse! \u00a0\", \"Deutsch Female\");\n                }\n            };\n        <\/script>\n    <\/h3>\n<h3><strong>05.12.2025 Adventszeit mit vielen Angeboten (Bastelaktionen, Vorf\u00fchrungen, Kulinarisches &#8230;)<\/strong><\/h3>\n<h3>f\u00fcr alle Mitglieder unserer Schulfamilie<\/h3>\n<p>ab 16:30 Uhr bis 19 Uhr<\/p>\n<p>(16-16:30 Uhr Start f\u00fcr die Erziehungsberechtigten der Klassen 1-4 und der Sch\u00fclerinnen und Sch\u00fcler, die beim Chor mitsingen)<\/p>\n<p>&nbsp;<\/p>\n<p>Der <strong>Elterninformationsabend zur Einschulung im Schuljahr 2026\/27<\/strong>\u00a0findet am <strong>Montag, den 26.01.2026 <\/strong>statt.<\/p>\n<p>Ab 18.30 Uhr k\u00f6nnen Sie Klassenzimmer der Diagnose- und F\u00f6rderklassen anschauen.<\/p>\n<p>P\u00fcnktlich um 19 Uhr beginnt dann die eigentliche Informationsveranstaltung.<\/p>\n<p>Wir freuen uns \u00fcber Ihr Interesse!<\/p>\n<p>&nbsp;<\/p>\n<p>&nbsp;<\/p>\n<p>&nbsp;<\/p>\n<p>&nbsp;<\/p>\n<p><strong>\u00a0<\/strong><\/p>\n","protected":false},"excerpt":{"rendered":"<p>05.12.2025 Adventszeit mit vielen Angeboten (Bastelaktionen, Vorf\u00fchrungen, Kulinarisches &#8230;) f\u00fcr alle Mitglieder unserer Schulfamilie ab 16:30 Uhr bis 19 Uhr &hellip; <\/p>\n","protected":false},"author":1,"featured_media":0,"parent":0,"menu_order":0,"comment_status":"closed","ping_status":"closed","template":"","meta":{"footnotes":""},"class_list":["post-675","page","type-page","status-publish","hentry"],"_links":{"self":[{"href":"https:\/\/www.sfz-friedberg.de\/index.php\/wp-json\/wp\/v2\/pages\/675","targetHints":{"allow":["GET"]}}],"collection":[{"href":"https:\/\/www.sfz-friedberg.de\/index.php\/wp-json\/wp\/v2\/pages"}],"about":[{"href":"https:\/\/www.sfz-friedberg.de\/index.php\/wp-json\/wp\/v2\/types\/page"}],"author":[{"embeddable":true,"href":"https:\/\/www.sfz-friedberg.de\/index.php\/wp-json\/wp\/v2\/users\/1"}],"replies":[{"embeddable":true,"href":"https:\/\/www.sfz-friedberg.de\/index.php\/wp-json\/wp\/v2\/comments?post=675"}],"version-history":[{"count":30,"href":"https:\/\/www.sfz-friedberg.de\/index.php\/wp-json\/wp\/v2\/pages\/675\/revisions"}],"predecessor-version":[{"id":2031,"href":"https:\/\/www.sfz-friedberg.de\/index.php\/wp-json\/wp\/v2\/pages\/675\/revisions\/2031"}],"wp:attachment":[{"href":"https:\/\/www.sfz-friedberg.de\/index.php\/wp-json\/wp\/v2\/media?parent=675"}],"curies":[{"name":"wp","href":"https:\/\/api.w.org\/{rel}","templated":true}]}}