{"id":70,"date":"2018-10-30T15:14:04","date_gmt":"2018-10-30T14:14:04","guid":{"rendered":"http:\/\/77.90.130.244\/blog\/?page_id=70"},"modified":"2018-12-19T10:51:48","modified_gmt":"2018-12-19T09:51:48","slug":"foerderverein","status":"publish","type":"page","link":"https:\/\/www.sfz-friedberg.de\/index.php\/ueber-uns\/foerderverein\/","title":{"rendered":"F\u00f6rderverein"},"content":{"rendered":"<h3 class=\"FESTSCHRIFTberschrift\"><button id=\"listenButton1\" class=\"responsivevoice-button\" type=\"button\" value=\"Play\" title=\"ResponsiveVoice Tap to Start\/Stop Speech\"><span>&#128266; Text zu Sprache<\/span><\/button>\n        <script>\n            listenButton1.onclick = function(){\n                if(responsiveVoice.isPlaying()){\n                    responsiveVoice.cancel();\n                }else{\n                    responsiveVoice.speak(\"1. Vorsitzender: Wolfgang Spring, 2. Vorsitzende: Diana Hertle, Kassenwartin: Monika Bichler-Grundgeier Der F\u00f6rderverein \u201eFreunde der Vinzenz-Pallotti-Schule\u201c wurde im Jahr 1983 f\u00fcr unsere Schule gegr\u00fcndet. Vorrangiges Ziel des F\u00f6rdervereins war es von Beginn an, bed\u00fcrftigen Sch\u00fcler\/-innen die Teilnahme an Schullebensveranstaltungen wie Ausfl\u00fcge, Exkursionen und mehrt\u00e4gige Klassenfahrten durch das Gew\u00e4hren von Zusch\u00fcssen zu erm\u00f6glichen. Seit Jahrzehnten ist es auch Tradition, dass anl\u00e4sslich bestimmter Feiern jede Sch\u00fclerin und jeder Sch\u00fcler der Schule auch einen kulinarischen Genuss wie z.B. einen Faschingskrapfen spendiert bekommt, was immer eine schmackhafte Bereicherung unseres Schullebens darstellt. Durch Spenden des Lions-Clubs und Einzelspenden wurde es dem F\u00f6rderverein in den letzten Jahren auch m\u00f6glich, gro\u00dfe erlebnisp\u00e4dagogische Projekte wie den \u201eBlue-Day\u201c, ein Wintertag in Oberstdorf mit vielen Wintersportger\u00e4ten, finanziell zu unterst\u00fctzen.\u00a0 Aktuell hat der F\u00f6rderverein ca. 50 Mitglieder. Viele sind ehemalige und aktuelle Mitarbeiter\/-innen der Schule, aber es sind auch ehemalige und aktuelle Eltern der Sch\u00fclerschaft unserer Schule Mitglied. Durch Zusch\u00fcsse f\u00fcr die jeweiligen neunten Klassen werden kulturelle und erlebnisp\u00e4dagogische Angebote bei den Abschlussfahrten m\u00f6glich. In den letzten Jahren freuten wir uns besonders dar\u00fcber, dass auch musikp\u00e4dagogische Projekte wie die Auff\u00fchrung einer Oper f\u00fcr Sch\u00fcler der Grundschulstufe und ein mehrt\u00e4giges theaterp\u00e4dagogisches Projekt von Eukitea mit dem Ziel der Pr\u00e4vention von Grenzverletzungen bezuschusst wurden. Seit der Einf\u00fchrung des gebundenen Ganztags unterst\u00fctzt der F\u00f6rderverein auch regelm\u00e4\u00dfig die Ausstattung der freien und angeleiteten Freizeitgestaltung beispielsweise durch Spielmaterialien wie z.B. Lego, wie auch im letzten Jahr durch die Bereitstellung einer H\u00fctte, der \u201eFlocks H\u00fctte\u201c, auf dem Au\u00dfengel\u00e4nde. Durch eine Satzungs\u00e4nderung ist es seit dem Jahr 2014 m\u00f6glich, dass der F\u00f6rderverein auch die Finanzierung von Personal unterst\u00fctzen kann, wodurch beispielsweise m\u00e4dchenp\u00e4dagogische Angebote oder auch die Einzelf\u00f6rderung von Sch\u00fcler\/-innen mit speziellen F\u00f6rderprogrammen realisiert werden k\u00f6nnen. Mit einem Jahresbeitrag von nur 12 \u20ac im Jahr k\u00f6nnen auch Sie F\u00f6rdermitglied werden! Unser F\u00f6rderverein freut sich nat\u00fcrlich auch \u00fcber einmalige Spenden. Spendenkonto: Freunde der Vinzenz-Pallotti-Schule, IBAN: DE24 7205 0000 0000 0025 68 BIC: AUGSDE77XXX\", \"Deutsch Female\");\n                }\n            };\n        <\/script>\n    <\/h3>\n<p><img loading=\"lazy\" decoding=\"async\" class=\"alignnone wp-image-279\" src=\"https:\/\/www.sfz-friedberg.de\/wp-content\/uploads\/2018\/11\/F\u00f6rderverein.jpg\" alt=\"\" width=\"600\" height=\"448\" \/><\/p>\n<p style=\"font-weight: 400;\">1. Vorsitzender: Wolfgang Spring, 2. Vorsitzende: Diana Hertle, Kassenwartin: Monika Bichler-Grundgeier<\/p>\n<p>Der F\u00f6rderverein \u201eFreunde der Vinzenz-Pallotti-Schule\u201c wurde im Jahr 1983 f\u00fcr unsere Schule gegr\u00fcndet. Vorrangiges Ziel des F\u00f6rdervereins war es von Beginn an, bed\u00fcrftigen Sch\u00fcler\/-innen die Teilnahme an Schullebensveranstaltungen wie Ausfl\u00fcge, Exkursionen und mehrt\u00e4gige Klassenfahrten durch das Gew\u00e4hren von Zusch\u00fcssen zu erm\u00f6glichen. Seit Jahrzehnten ist es auch Tradition, dass anl\u00e4sslich bestimmter Feiern jede Sch\u00fclerin und jeder Sch\u00fcler der Schule auch einen kulinarischen Genuss wie z.B. einen Faschingskrapfen spendiert bekommt, was immer eine schmackhafte Bereicherung unseres Schullebens darstellt. Durch Spenden des Lions-Clubs und Einzelspenden wurde es dem F\u00f6rderverein in den letzten Jahren auch m\u00f6glich, gro\u00dfe erlebnisp\u00e4dagogische Projekte wie den \u201eBlue-Day\u201c, ein Wintertag in Oberstdorf mit vielen Wintersportger\u00e4ten, finanziell zu unterst\u00fctzen.\u00a0 Aktuell hat der F\u00f6rderverein ca. 50 Mitglieder. Viele sind ehemalige und aktuelle Mitarbeiter\/-innen der Schule, aber es sind auch ehemalige und aktuelle Eltern der Sch\u00fclerschaft unserer Schule Mitglied.<\/p>\n<p>Durch Zusch\u00fcsse f\u00fcr die jeweiligen neunten Klassen werden kulturelle und erlebnisp\u00e4dagogische Angebote bei den Abschlussfahrten m\u00f6glich. In den letzten Jahren freuten wir uns besonders dar\u00fcber, dass auch musikp\u00e4dagogische Projekte wie die Auff\u00fchrung einer Oper f\u00fcr Sch\u00fcler der Grundschulstufe und ein mehrt\u00e4giges theaterp\u00e4dagogisches Projekt von Eukitea mit dem Ziel der Pr\u00e4vention von Grenzverletzungen bezuschusst wurden. Seit der Einf\u00fchrung des gebundenen Ganztags unterst\u00fctzt der F\u00f6rderverein auch regelm\u00e4\u00dfig die Ausstattung der freien und angeleiteten Freizeitgestaltung beispielsweise durch Spielmaterialien wie z.B. Lego, wie auch im letzten Jahr durch die Bereitstellung einer H\u00fctte, der \u201eFlocks H\u00fctte\u201c, auf dem Au\u00dfengel\u00e4nde. Durch eine Satzungs\u00e4nderung ist es seit dem Jahr 2014 m\u00f6glich, dass der F\u00f6rderverein auch die Finanzierung von Personal unterst\u00fctzen kann, wodurch beispielsweise m\u00e4dchenp\u00e4dagogische Angebote oder auch die Einzelf\u00f6rderung von Sch\u00fcler\/-innen mit speziellen F\u00f6rderprogrammen realisiert werden k\u00f6nnen.<\/p>\n<p>Mit einem <strong>Jahresbeitrag von nur 12 \u20ac im Jahr<\/strong> k\u00f6nnen auch Sie F\u00f6rdermitglied werden!<\/p>\n<p>Unser F\u00f6rderverein freut sich nat\u00fcrlich auch \u00fcber einmalige Spenden.<\/p>\n<p>Spendenkonto: Freunde der Vinzenz-Pallotti-Schule, IBAN: DE24 7205 0000 0000 0025 68<\/p>\n<p>BIC: AUGSDE77XXX<\/p>\n","protected":false},"excerpt":{"rendered":"<p>1. Vorsitzender: Wolfgang Spring, 2. Vorsitzende: Diana Hertle, Kassenwartin: Monika Bichler-Grundgeier Der F\u00f6rderverein \u201eFreunde der Vinzenz-Pallotti-Schule\u201c wurde im Jahr 1983 &hellip; <\/p>\n","protected":false},"author":1,"featured_media":0,"parent":58,"menu_order":0,"comment_status":"closed","ping_status":"closed","template":"","meta":{"footnotes":""},"class_list":["post-70","page","type-page","status-publish","hentry"],"_links":{"self":[{"href":"https:\/\/www.sfz-friedberg.de\/index.php\/wp-json\/wp\/v2\/pages\/70","targetHints":{"allow":["GET"]}}],"collection":[{"href":"https:\/\/www.sfz-friedberg.de\/index.php\/wp-json\/wp\/v2\/pages"}],"about":[{"href":"https:\/\/www.sfz-friedberg.de\/index.php\/wp-json\/wp\/v2\/types\/page"}],"author":[{"embeddable":true,"href":"https:\/\/www.sfz-friedberg.de\/index.php\/wp-json\/wp\/v2\/users\/1"}],"replies":[{"embeddable":true,"href":"https:\/\/www.sfz-friedberg.de\/index.php\/wp-json\/wp\/v2\/comments?post=70"}],"version-history":[{"count":10,"href":"https:\/\/www.sfz-friedberg.de\/index.php\/wp-json\/wp\/v2\/pages\/70\/revisions"}],"predecessor-version":[{"id":608,"href":"https:\/\/www.sfz-friedberg.de\/index.php\/wp-json\/wp\/v2\/pages\/70\/revisions\/608"}],"up":[{"embeddable":true,"href":"https:\/\/www.sfz-friedberg.de\/index.php\/wp-json\/wp\/v2\/pages\/58"}],"wp:attachment":[{"href":"https:\/\/www.sfz-friedberg.de\/index.php\/wp-json\/wp\/v2\/media?parent=70"}],"curies":[{"name":"wp","href":"https:\/\/api.w.org\/{rel}","templated":true}]}}