{"id":999,"date":"2019-10-31T09:06:13","date_gmt":"2019-10-31T08:06:13","guid":{"rendered":"http:\/\/www.sfz-friedberg.de\/?page_id=999"},"modified":"2024-11-22T20:36:42","modified_gmt":"2024-11-22T19:36:42","slug":"heilpaedagogik","status":"publish","type":"page","link":"https:\/\/www.sfz-friedberg.de\/index.php\/unsereangebote\/heilpaedagogik\/","title":{"rendered":"Heilp\u00e4dagogik"},"content":{"rendered":"<h3 class=\"FESTSCHRIFTberschrift\"><button id=\"listenButton1\" class=\"responsivevoice-button\" type=\"button\" value=\"Play\" title=\"ResponsiveVoice Tap to Start\/Stop Speech\"><span>&#128266; Text zu Sprache<\/span><\/button>\n        <script>\n            listenButton1.onclick = function(){\n                if(responsiveVoice.isPlaying()){\n                    responsiveVoice.cancel();\n                }else{\n                    responsiveVoice.speak(\"Heilp\u00e4dagogik am SFZ Friedberg Heilp\u00e4dagogik ist ein umfassendes p\u00e4dagogisches Angebot, das die Kinder und Jugendlichen ganzheitlich, also mit all ihren St\u00e4rken und Ressourcen, aber auch mit ihren Bed\u00fcrfnissen, ihren Lern- und Entwicklungsaufgaben wahrnimmt. Das heilp\u00e4dagogische Handeln orientiert sich dabei am individuellen Entwicklungsstand des Einzelnen und bezieht das soziale Umfeld des Kindes bzw. Jugendlichen mit ein. In Einzelsitzungen, Klein- und Gruppenangeboten werden Situationen geschaffen, an denen die Kinder und Jugendlichen gezielt an ihren Themen arbeiten k\u00f6nnen, beispielsweise im Bereich der Pers\u00f6nlichkeitsentwicklung (Kennenlernen der eigenen St\u00e4rken, des Handlungspotentials, Selbstvertrauen, Selbsteinsch\u00e4tzung und -wirksamkeit, Sicherheit), im Bereich Lernen (z.B. Konzentration, Arbeitsorganisation und -haltung, Leistungsbereitschaft, Kern- und Alltagskompetenzen), im Bereich Sozialverhalten (Gruppenzugeh\u00f6rigkeit, Umgang mit sich selbst und anderen, Kommunikationsformen, Konfliktl\u00f6sestrategien, Empathie und Mitgef\u00fchl, Achten von Werten und Normen, Schutz). Dies bedarf vor allem einer vertrauensvollen Beziehung zueinander, gepr\u00e4gt von Offenheit, Wertsch\u00e4tzung und Respekt im gegenseitigen Umgang. Ein Schwerpunkt an der Vinzenz-Pallotti-Schule liegt in der St\u00e4rkung der Pers\u00f6nlichkeitsentwicklung. Heilp\u00e4dagogik unterst\u00fctzt bei der Emotionsregulation, beim Finden einer inneren Balance und Zufriedenheit. Mit Mut, Selbstvertrauen und Gelassenheit k\u00f6nnen Kinder und Jugendliche mit Entwicklungs- und Lerndefiziten ihrem Alltag souver\u00e4n begegnen. Dar\u00fcber hinaus bietet Heilp\u00e4dagogik Sozial- und Lerntrainings, vermittelt Angebote in den Bereichen Medien, Mobbing und Sucht. Im Schulalltag bin ich als \u201eHeilp\u00e4dagogische F\u00f6rderlehrkraft\u201c pr\u00e4sent und vor Ort, unterst\u00fctze in den Klassen, kann Situationen sich beruhigen helfen und nachbesprechen, bei Krisen intervenieren und mit Fachstellen im Haus zusammenarbeiten. Neben Beratungsgespr\u00e4chen biete ich den Sch\u00fclerinnen und Sch\u00fclern der Vinzenz-Pallotti-Schule Spiel- und Bewegungsangebote (zum Teil mit Elementen aus der Theaterp\u00e4dagogik), ergotherapeutisch orientiertes Werken, Gestalten und Kunst, Entspannungsrituale und M\u00e4rchenarbeit, Trainings in den Bereichen Sozialkompetenz, Lernen oder Konzentration sowie M\u00e4dchengruppen an. Kontakt: Heidi Knie\u00df\u00a0 \u00a0 (h.kniess@sfz-friedberg.de)\u00a0 \u00a0\", \"Deutsch Female\");\n                }\n            };\n        <\/script>\n    <\/h3>\n<h3><strong>Heilp\u00e4dagogik am SFZ Friedberg<\/strong><\/h3>\n<p>Heilp\u00e4dagogik ist ein umfassendes p\u00e4dagogisches Angebot, das die Kinder und Jugendlichen ganzheitlich, also mit all ihren St\u00e4rken und Ressourcen, aber auch mit ihren Bed\u00fcrfnissen, ihren Lern- und Entwicklungsaufgaben wahrnimmt.<\/p>\n<p>Das heilp\u00e4dagogische Handeln orientiert sich dabei am individuellen Entwicklungsstand des Einzelnen und bezieht das soziale Umfeld des Kindes bzw. Jugendlichen mit ein.<\/p>\n<p>In Einzelsitzungen, Klein- und Gruppenangeboten werden Situationen geschaffen, an denen die Kinder und Jugendlichen gezielt an ihren Themen arbeiten k\u00f6nnen, beispielsweise<\/p>\n<ul>\n<li>im Bereich der Pers\u00f6nlichkeitsentwicklung (Kennenlernen der eigenen St\u00e4rken, des Handlungspotentials, Selbstvertrauen, Selbsteinsch\u00e4tzung und -wirksamkeit, Sicherheit),<\/li>\n<li>im Bereich Lernen (z.B. Konzentration, Arbeitsorganisation und -haltung, Leistungsbereitschaft, Kern- und Alltagskompetenzen),<\/li>\n<li>im Bereich Sozialverhalten (Gruppenzugeh\u00f6rigkeit, Umgang mit sich selbst und anderen, Kommunikationsformen, Konfliktl\u00f6sestrategien, Empathie und Mitgef\u00fchl, Achten von Werten und Normen, Schutz).<\/li>\n<\/ul>\n<p>Dies bedarf vor allem einer vertrauensvollen Beziehung zueinander, gepr\u00e4gt von Offenheit, Wertsch\u00e4tzung und Respekt im gegenseitigen Umgang.<\/p>\n<p>Ein Schwerpunkt an der Vinzenz-Pallotti-Schule liegt in der St\u00e4rkung der Pers\u00f6nlichkeitsentwicklung. Heilp\u00e4dagogik unterst\u00fctzt bei der Emotionsregulation, beim Finden einer inneren Balance und Zufriedenheit. Mit Mut, Selbstvertrauen und Gelassenheit k\u00f6nnen Kinder und Jugendliche mit Entwicklungs- und Lerndefiziten ihrem Alltag souver\u00e4n begegnen.<\/p>\n<p>Dar\u00fcber hinaus bietet Heilp\u00e4dagogik Sozial- und Lerntrainings, vermittelt Angebote in den Bereichen Medien, Mobbing und Sucht. Im Schulalltag bin ich als \u201eHeilp\u00e4dagogische F\u00f6rderlehrkraft\u201c pr\u00e4sent und vor Ort, unterst\u00fctze in den Klassen, kann Situationen sich beruhigen helfen und nachbesprechen, bei Krisen intervenieren und mit Fachstellen im Haus zusammenarbeiten.<\/p>\n<p>Neben Beratungsgespr\u00e4chen biete ich den Sch\u00fclerinnen und Sch\u00fclern der Vinzenz-Pallotti-Schule Spiel- und Bewegungsangebote (zum Teil mit Elementen aus der Theaterp\u00e4dagogik), ergotherapeutisch orientiertes Werken, Gestalten und Kunst, Entspannungsrituale und M\u00e4rchenarbeit, Trainings in den Bereichen Sozialkompetenz, Lernen oder Konzentration sowie M\u00e4dchengruppen an.<\/p>\n<p><strong> Kontakt: Heidi Knie\u00df<strong style=\"font-size: 16px;\">\u00a0 \u00a0 (<\/strong><a href=\"mailto:a.mikelsons@sfz-friedberg.de\">h.kniess@sfz-friedberg.de<\/a>)\u00a0 \u00a0 <\/strong><\/p>\n","protected":false},"excerpt":{"rendered":"<p>Heilp\u00e4dagogik am SFZ Friedberg Heilp\u00e4dagogik ist ein umfassendes p\u00e4dagogisches Angebot, das die Kinder und Jugendlichen ganzheitlich, also mit all ihren &hellip; <\/p>\n","protected":false},"author":1,"featured_media":0,"parent":5,"menu_order":0,"comment_status":"closed","ping_status":"closed","template":"","meta":{"footnotes":""},"class_list":["post-999","page","type-page","status-publish","hentry"],"_links":{"self":[{"href":"https:\/\/www.sfz-friedberg.de\/index.php\/wp-json\/wp\/v2\/pages\/999","targetHints":{"allow":["GET"]}}],"collection":[{"href":"https:\/\/www.sfz-friedberg.de\/index.php\/wp-json\/wp\/v2\/pages"}],"about":[{"href":"https:\/\/www.sfz-friedberg.de\/index.php\/wp-json\/wp\/v2\/types\/page"}],"author":[{"embeddable":true,"href":"https:\/\/www.sfz-friedberg.de\/index.php\/wp-json\/wp\/v2\/users\/1"}],"replies":[{"embeddable":true,"href":"https:\/\/www.sfz-friedberg.de\/index.php\/wp-json\/wp\/v2\/comments?post=999"}],"version-history":[{"count":11,"href":"https:\/\/www.sfz-friedberg.de\/index.php\/wp-json\/wp\/v2\/pages\/999\/revisions"}],"predecessor-version":[{"id":1851,"href":"https:\/\/www.sfz-friedberg.de\/index.php\/wp-json\/wp\/v2\/pages\/999\/revisions\/1851"}],"up":[{"embeddable":true,"href":"https:\/\/www.sfz-friedberg.de\/index.php\/wp-json\/wp\/v2\/pages\/5"}],"wp:attachment":[{"href":"https:\/\/www.sfz-friedberg.de\/index.php\/wp-json\/wp\/v2\/media?parent=999"}],"curies":[{"name":"wp","href":"https:\/\/api.w.org\/{rel}","templated":true}]}}